{"id":1375,"date":"2021-05-12T16:47:24","date_gmt":"2021-05-12T14:47:24","guid":{"rendered":"http:\/\/www.nummelanfrisbeeseura.com\/kotisivut\/?page_id=1375"},"modified":"2022-09-27T07:51:44","modified_gmt":"2022-09-27T05:51:44","slug":"loytokiekot","status":"publish","type":"page","link":"https:\/\/www.nummelanfrisbeeseura.com\/kotisivut\/loytokiekot\/","title":{"rendered":"L\u00f6yt\u00f6kiekot"},"content":{"rendered":"\n<h2 class=\"wp-block-heading\"><strong>Nummelanharjun friabeegolfrata:<\/strong><\/h2>\n\n\n\n<ul class=\"wp-block-list\"><li>Radalla ei ole l\u00f6yt\u00f6kiekoille laatikkoa<\/li><li>Edellinen laatikko hajotettiin tahallaan, ja t\u00e4m\u00e4n takia emme tuo sinne uutta laatikkoa<\/li><li>Toivomme, ett\u00e4 kiekkojen l\u00f6yt\u00e4j\u00e4t ottavat yhteytt\u00e4 kiekon omistajaan jos kiekosta l\u00f6ytyy yhteystiedot (Sopimaan miten kiekko palautetaan)<\/li><\/ul>\n\n\n\n<h2 class=\"wp-block-heading\"><strong>Kaatiksen kent\u00e4ll\u00e4:<\/strong><\/h2>\n\n\n\n<p><strong>Kun l\u00f6yd\u00e4t kiekon:<\/strong><\/p>\n\n\n\n<ul class=\"wp-block-list\"><li>Palauta l\u00f6yt\u00f6kiekko Kaatiksen kopin metallisen luukun kautta koppiin (ei siihen muoviseen postilaatikkoon)<\/li><li>Vapaaehtoisesti voit l\u00e4hett\u00e4\u00e4 viestin kiekon omistajalle, jos kiekosta l\u00f6ytyy numero<\/li><li>Kiekot miss\u00e4 on selke\u00e4sti n\u00e4kyviss\u00e4 yhteystiedot (puhelinnumero), pyrimme l\u00e4hett\u00e4m\u00e4\u00e4n t\u00e4h\u00e4n numeroon viestin ja sopimaan miten kiekko palautetaan<\/li><li>Erillist\u00e4 listaa ei ole netiss\u00e4<\/li><\/ul>\n\n\n\n<h2 class=\"wp-block-heading\"><strong>Pajuniitty<\/strong>:<\/h2>\n\n\n\n<ul class=\"wp-block-list\"><li>Radalla ei ole l\u00f6yt\u00f6kiekoille laatikkoa<\/li><li>Toivomme, ett\u00e4 kiekkojen l\u00f6yt\u00e4j\u00e4t ottavat yhteytt\u00e4 kiekon omistajaan jos kiekosta l\u00f6ytyy yhteystiedot (Sopimaan miten kiekko palautetaan)<\/li><\/ul>\n","protected":false},"excerpt":{"rendered":"<p>Nummelanharjun friabeegolfrata: Radalla ei ole l\u00f6yt\u00f6kiekoille laatikkoa Edellinen laatikko hajotettiin tahallaan, ja t\u00e4m\u00e4n takia emme tuo sinne uutta laatikkoa Toivomme, ett\u00e4 kiekkojen l\u00f6yt\u00e4j\u00e4t ottavat yhteytt\u00e4 kiekon omistajaan jos kiekosta l\u00f6ytyy yhteystiedot (Sopimaan miten kiekko palautetaan) Kaatiksen kent\u00e4ll\u00e4: Kun l\u00f6yd\u00e4t kiekon: Palauta l\u00f6yt\u00f6kiekko Kaatiksen kopin metallisen luukun kautta koppiin (ei siihen muoviseen postilaatikkoon) Vapaaehtoisesti voit l\u00e4hett\u00e4\u00e4 &hellip; <a href=\"https:\/\/www.nummelanfrisbeeseura.com\/kotisivut\/loytokiekot\/\" class=\"more-link\">Jatka lukemista <span class=\"screen-reader-text\">L\u00f6yt\u00f6kiekot<\/span> <span class=\"meta-nav\">&rarr;<\/span><\/a><\/p>\n","protected":false},"author":3,"featured_media":0,"parent":0,"menu_order":0,"comment_status":"closed","ping_status":"closed","template":"","meta":{"_bbp_topic_count":0,"_bbp_reply_count":0,"_bbp_total_topic_count":0,"_bbp_total_reply_count":0,"_bbp_voice_count":0,"_bbp_anonymous_reply_count":0,"_bbp_topic_count_hidden":0,"_bbp_reply_count_hidden":0,"_bbp_forum_subforum_count":0,"jetpack_post_was_ever_published":false,"footnotes":""},"class_list":["post-1375","page","type-page","status-publish","hentry"],"jetpack_sharing_enabled":true,"jetpack_shortlink":"https:\/\/wp.me\/P8w7cz-mb","jetpack-related-posts":[],"_links":{"self":[{"href":"https:\/\/www.nummelanfrisbeeseura.com\/kotisivut\/wp-json\/wp\/v2\/pages\/1375","targetHints":{"allow":["GET"]}}],"collection":[{"href":"https:\/\/www.nummelanfrisbeeseura.com\/kotisivut\/wp-json\/wp\/v2\/pages"}],"about":[{"href":"https:\/\/www.nummelanfrisbeeseura.com\/kotisivut\/wp-json\/wp\/v2\/types\/page"}],"author":[{"embeddable":true,"href":"https:\/\/www.nummelanfrisbeeseura.com\/kotisivut\/wp-json\/wp\/v2\/users\/3"}],"replies":[{"embeddable":true,"href":"https:\/\/www.nummelanfrisbeeseura.com\/kotisivut\/wp-json\/wp\/v2\/comments?post=1375"}],"version-history":[{"count":8,"href":"https:\/\/www.nummelanfrisbeeseura.com\/kotisivut\/wp-json\/wp\/v2\/pages\/1375\/revisions"}],"predecessor-version":[{"id":1901,"href":"https:\/\/www.nummelanfrisbeeseura.com\/kotisivut\/wp-json\/wp\/v2\/pages\/1375\/revisions\/1901"}],"wp:attachment":[{"href":"https:\/\/www.nummelanfrisbeeseura.com\/kotisivut\/wp-json\/wp\/v2\/media?parent=1375"}],"curies":[{"name":"wp","href":"https:\/\/api.w.org\/{rel}","templated":true}]}}