{"id":1417,"date":"2021-05-14T00:38:32","date_gmt":"2021-05-13T22:38:32","guid":{"rendered":"http:\/\/www.nummelanfrisbeeseura.com\/kotisivut\/?page_id=1417"},"modified":"2022-05-06T19:57:53","modified_gmt":"2022-05-06T17:57:53","slug":"prodigy-disc-pro-tour-2022-helsinki-nfs-jasenet","status":"publish","type":"page","link":"https:\/\/www.nummelanfrisbeeseura.com\/kotisivut\/prodigy-disc-pro-tour-2022-helsinki-nfs-jasenet\/","title":{"rendered":"Prodigy Disc Pro Tour 2022 &#8211; Helsinki NFS j\u00e4senet"},"content":{"rendered":"\n<p><a href=\"https:\/\/discgolfmetrix.com\/2032728\" target=\"_blank\" rel=\"noreferrer noopener\">https:\/\/discgolfmetrix.com\/2032728<\/a><\/p>\n\n\n\n<p>Disc Golf Metrix WordPress pluginissa on pieni\u00e4 bugeja, mutta ei anneta niiden h\u00e4irit\u00e4. <\/p>\n\n\n\n<ul class=\"wp-block-list\"><li>Sijoitus toimii jotenkin oudosti<\/li><li>Joissain selaimissa profiilikuva on tuloksien p\u00e4\u00e4ll\u00e4<\/li><li>L\u00e4ht\u00f6aika ei ole v\u00e4ltt\u00e4m\u00e4tt\u00e4 okein (katso yo. linkin kautta ne)<\/li><\/ul>\n\n\n\n<p>[discgolfmetrix_results competition_id=&#8221;2032728&#8243; players=&#8221;Jere Kukkurainen,Janne Hirsim\u00e4ki,Niko Leskinen,Aaro Tuomela&#8221;]<\/p>\n","protected":false},"excerpt":{"rendered":"<p>https:\/\/discgolfmetrix.com\/2032728 Disc Golf Metrix WordPress pluginissa on pieni\u00e4 bugeja, mutta ei anneta niiden h\u00e4irit\u00e4. Sijoitus toimii jotenkin oudosti Joissain selaimissa profiilikuva on tuloksien p\u00e4\u00e4ll\u00e4 L\u00e4ht\u00f6aika ei ole v\u00e4ltt\u00e4m\u00e4tt\u00e4 okein (katso yo. linkin kautta ne) [discgolfmetrix_results competition_id=&#8221;2032728&#8243; players=&#8221;Jere Kukkurainen,Janne Hirsim\u00e4ki,Niko Leskinen,Aaro Tuomela&#8221;]<\/p>\n","protected":false},"author":3,"featured_media":0,"parent":0,"menu_order":0,"comment_status":"closed","ping_status":"closed","template":"","meta":{"_bbp_topic_count":0,"_bbp_reply_count":0,"_bbp_total_topic_count":0,"_bbp_total_reply_count":0,"_bbp_voice_count":0,"_bbp_anonymous_reply_count":0,"_bbp_topic_count_hidden":0,"_bbp_reply_count_hidden":0,"_bbp_forum_subforum_count":0,"jetpack_post_was_ever_published":false,"footnotes":""},"class_list":["post-1417","page","type-page","status-publish","hentry"],"jetpack_sharing_enabled":true,"jetpack_shortlink":"https:\/\/wp.me\/P8w7cz-mR","jetpack-related-posts":[],"_links":{"self":[{"href":"https:\/\/www.nummelanfrisbeeseura.com\/kotisivut\/wp-json\/wp\/v2\/pages\/1417","targetHints":{"allow":["GET"]}}],"collection":[{"href":"https:\/\/www.nummelanfrisbeeseura.com\/kotisivut\/wp-json\/wp\/v2\/pages"}],"about":[{"href":"https:\/\/www.nummelanfrisbeeseura.com\/kotisivut\/wp-json\/wp\/v2\/types\/page"}],"author":[{"embeddable":true,"href":"https:\/\/www.nummelanfrisbeeseura.com\/kotisivut\/wp-json\/wp\/v2\/users\/3"}],"replies":[{"embeddable":true,"href":"https:\/\/www.nummelanfrisbeeseura.com\/kotisivut\/wp-json\/wp\/v2\/comments?post=1417"}],"version-history":[{"count":14,"href":"https:\/\/www.nummelanfrisbeeseura.com\/kotisivut\/wp-json\/wp\/v2\/pages\/1417\/revisions"}],"predecessor-version":[{"id":1755,"href":"https:\/\/www.nummelanfrisbeeseura.com\/kotisivut\/wp-json\/wp\/v2\/pages\/1417\/revisions\/1755"}],"wp:attachment":[{"href":"https:\/\/www.nummelanfrisbeeseura.com\/kotisivut\/wp-json\/wp\/v2\/media?parent=1417"}],"curies":[{"name":"wp","href":"https:\/\/api.w.org\/{rel}","templated":true}]}}