{"id":1550,"date":"2021-10-27T14:55:38","date_gmt":"2021-10-27T12:55:38","guid":{"rendered":"http:\/\/www.nummelanfrisbeeseura.com\/kotisivut\/?page_id=1550"},"modified":"2021-10-27T21:07:20","modified_gmt":"2021-10-27T19:07:20","slug":"seuran-arvot","status":"publish","type":"page","link":"https:\/\/www.nummelanfrisbeeseura.com\/kotisivut\/seuran-arvot\/","title":{"rendered":"Seuran arvot"},"content":{"rendered":"\n<h2 class=\"wp-block-heading\"><\/h2>\n\n\n\n<p>Nummelan frisbeeseura ry:n arvot ovat samat kuin Suomen frisbeegolfliitolla (SFL) ja n\u00e4in tuemme SFL:n arvoja t\u00e4t\u00e4 kautta.<\/p>\n\n\n\n<ul class=\"wp-block-list\"><li><strong>Yhteis\u00f6llisyys:<\/strong>&nbsp;Muiden opettamisen ja lajikulttuurin levitt\u00e4misen merkitys, yhteis\u00f6llisyyden&nbsp;vaaliminen ja yhdess\u00e4 toiminnan kehitt\u00e4minen.<br><\/li><li><strong>Yhdenvertaisuus:<\/strong>&nbsp;Matalan kynnyksen laji, kanssapelaajien ja -toimijoiden kunnioitus.<br><\/li><li><strong>Vastuullisuus:<\/strong>&nbsp;Yhteiset s\u00e4\u00e4nn\u00f6t ja etiketti, l\u00e4pin\u00e4kyvyys toiminnassa, liikunnan eettisiin arvoihin ja urheilun reilun pelin s\u00e4\u00e4nt\u00f6ihin sitoutuva toiminta.<\/li><\/ul>\n\n\n\n<p><\/p>\n","protected":false},"excerpt":{"rendered":"<p>Nummelan frisbeeseura ry:n arvot ovat samat kuin Suomen frisbeegolfliitolla (SFL) ja n\u00e4in tuemme SFL:n arvoja t\u00e4t\u00e4 kautta. Yhteis\u00f6llisyys:&nbsp;Muiden opettamisen ja lajikulttuurin levitt\u00e4misen merkitys, yhteis\u00f6llisyyden&nbsp;vaaliminen ja yhdess\u00e4 toiminnan kehitt\u00e4minen. Yhdenvertaisuus:&nbsp;Matalan kynnyksen laji, kanssapelaajien ja -toimijoiden kunnioitus. Vastuullisuus:&nbsp;Yhteiset s\u00e4\u00e4nn\u00f6t ja etiketti, l\u00e4pin\u00e4kyvyys toiminnassa, liikunnan eettisiin arvoihin ja urheilun reilun pelin s\u00e4\u00e4nt\u00f6ihin sitoutuva toiminta.<\/p>\n","protected":false},"author":3,"featured_media":0,"parent":0,"menu_order":0,"comment_status":"closed","ping_status":"closed","template":"","meta":{"_bbp_topic_count":0,"_bbp_reply_count":0,"_bbp_total_topic_count":0,"_bbp_total_reply_count":0,"_bbp_voice_count":0,"_bbp_anonymous_reply_count":0,"_bbp_topic_count_hidden":0,"_bbp_reply_count_hidden":0,"_bbp_forum_subforum_count":0,"jetpack_post_was_ever_published":false,"footnotes":""},"class_list":["post-1550","page","type-page","status-publish","hentry"],"jetpack_sharing_enabled":true,"jetpack_shortlink":"https:\/\/wp.me\/P8w7cz-p0","jetpack-related-posts":[],"_links":{"self":[{"href":"https:\/\/www.nummelanfrisbeeseura.com\/kotisivut\/wp-json\/wp\/v2\/pages\/1550","targetHints":{"allow":["GET"]}}],"collection":[{"href":"https:\/\/www.nummelanfrisbeeseura.com\/kotisivut\/wp-json\/wp\/v2\/pages"}],"about":[{"href":"https:\/\/www.nummelanfrisbeeseura.com\/kotisivut\/wp-json\/wp\/v2\/types\/page"}],"author":[{"embeddable":true,"href":"https:\/\/www.nummelanfrisbeeseura.com\/kotisivut\/wp-json\/wp\/v2\/users\/3"}],"replies":[{"embeddable":true,"href":"https:\/\/www.nummelanfrisbeeseura.com\/kotisivut\/wp-json\/wp\/v2\/comments?post=1550"}],"version-history":[{"count":5,"href":"https:\/\/www.nummelanfrisbeeseura.com\/kotisivut\/wp-json\/wp\/v2\/pages\/1550\/revisions"}],"predecessor-version":[{"id":1573,"href":"https:\/\/www.nummelanfrisbeeseura.com\/kotisivut\/wp-json\/wp\/v2\/pages\/1550\/revisions\/1573"}],"wp:attachment":[{"href":"https:\/\/www.nummelanfrisbeeseura.com\/kotisivut\/wp-json\/wp\/v2\/media?parent=1550"}],"curies":[{"name":"wp","href":"https:\/\/api.w.org\/{rel}","templated":true}]}}