{"id":1559,"date":"2021-10-27T14:59:44","date_gmt":"2021-10-27T12:59:44","guid":{"rendered":"http:\/\/www.nummelanfrisbeeseura.com\/kotisivut\/?page_id=1559"},"modified":"2023-06-17T13:31:05","modified_gmt":"2023-06-17T11:31:05","slug":"toimintasuunnitelma-2023","status":"publish","type":"page","link":"https:\/\/www.nummelanfrisbeeseura.com\/kotisivut\/toimintasuunnitelma-2023\/","title":{"rendered":"Toimintasuunnitelma 2023"},"content":{"rendered":"\n<p><strong>Toimintasuunnitelma 2023<\/strong><\/p>\n\n\n\n<ul class=\"wp-block-list\">\n<li>Toimintasuunnitelma 2023 on k\u00e4sitelty seuran syyskokouksessa 15.12.2023 Nummelassa, J-Clubilla <a rel=\"noreferrer noopener\" href=\"https:\/\/www.nummelanfrisbeeseura.com\/kotisivut\/syyskokous-2022-j-club-nummela\/\" target=\"_blank\">Linkki<\/a><\/li>\n\n\n\n<li>Jokaisen kohdan alle pyrit\u00e4\u00e4n kirjaamaan mit\u00e4 olemme vuoden aikana tehneet, jotta toimintasuunnitelma toeutuu.<\/li>\n<\/ul>\n\n\n\n<p><strong>Mahdollistetaan salivuorolla harjoitteleminen vuokraamalla Pappilanpellon koulun salia.<\/strong><\/p>\n\n\n\n<ul class=\"wp-block-list\">\n<li>Salivuoro oli alkuvuodesta kev\u00e4\u00e4seen 2023 <a rel=\"noreferrer noopener\" href=\"https:\/\/www.nummelanfrisbeeseura.com\/kotisivut\/salivuoro-2023-pappilanpellon-koulu\/\" target=\"_blank\">Linkki<\/a><\/li>\n\n\n\n<li>Talvella 2023-2024 tarkoitus pit\u00e4\u00e4 uudelleen, ja t\u00e4st\u00e4 tiedotetaan erikseen<\/li>\n<\/ul>\n\n\n\n<p><strong>J\u00e4rjestet\u00e4\u00e4n seuranmestaruuskilpailut ja muita kilpailuja.<\/strong><\/p>\n\n\n\n<p><strong>Spring Masters j\u00e4rjestet\u00e4\u00e4n<\/strong><\/p>\n\n\n\n<ul class=\"wp-block-list\">\n<li>Pidettiin 6.-7.5.2023 osana SFL Masterstouria<\/li>\n\n\n\n<li>Linkki <a href=\"https:\/\/www.nummelanfrisbeeseura.com\/kotisivut\/sfl-masterstour-2023-1-vihti-spring-masters-yhteenveto\/\" target=\"_blank\" rel=\"noreferrer noopener\">uutiseet<\/a><\/li>\n<\/ul>\n\n\n\n<p><strong>Syysmyrskyt pelataan syksyll\u00e4 kahtena erillisen\u00e4 kilpailuna<\/strong><\/p>\n\n\n\n<ul class=\"wp-block-list\">\n<li>Pidet\u00e4\u00e4n 24.-25.9.2023 Kaatiksella<\/li>\n<\/ul>\n\n\n\n<p><strong>Viikkokisatoiminnalle pyrit\u00e4\u00e4n kehitt\u00e4m\u00e4\u00e4n organisaatio<\/strong><\/p>\n\n\n\n<ul class=\"wp-block-list\">\n<li>Otto Reunasen johdolla on organisoitu viikkokisatoiminnalle organisaatio<\/li>\n\n\n\n<li>Linkki Disc Golf Metrix <a href=\"https:\/\/discgolfmetrix.com\/2373113\" target=\"_blank\" rel=\"noreferrer noopener\">Nummelanharjun viikkokilpailut 2023<\/a> p\u00e4\u00e4sivulle<\/li>\n<\/ul>\n\n\n\n<ul class=\"wp-block-list\">\n<li>Seuranmestaruuskilpailu 2023 ajankohta on viel\u00e4 auki<\/li>\n<\/ul>\n\n\n\n<p><strong>Kilpailujen j\u00e4rjest\u00e4misen organisoimista varten j\u00e4rjestet\u00e4\u00e4n tapaamisia.<\/strong><\/p>\n\n\n\n<ul class=\"wp-block-list\">\n<li>Ensimm\u00e4inen kokous pidettiin 2.4.2023 ja aiheena oli kilpailutoiminta <a href=\"https:\/\/www.nummelanfrisbeeseura.com\/kotisivut\/kiinnostaako-olla-mukana-jarjestamassa-kilpailuja\/\" target=\"_blank\" rel=\"noreferrer noopener\">Linkki<\/a><\/li>\n\n\n\n<li>Toinen kokous on suunnittelussa ja siin\u00e4 aiheena olisi ty\u00f6kalut kuten Disc Golf Metrix, PDGA Tournament Manager, mahdollisesti PDG Live, kilpailuhakemus jne. Ajankohta on auki<\/li>\n<\/ul>\n\n\n\n<p><strong>Mahdollinen kauden tuotto korvamerkit\u00e4\u00e4n uuteen ruohonleikkuriin<\/strong>.<\/p>\n\n\n\n<p><strong>Mahdollinen kauden tappio kuitataan aiempien vuosien ylij\u00e4\u00e4m\u00e4st\u00e4.<\/strong><\/p>\n\n\n\n<p><strong>Seura osallistuu SFL:n kehitt\u00e4misp\u00e4iviin Liitop\u00e4iville.<\/strong><\/p>\n\n\n\n<ul class=\"wp-block-list\">\n<li>Vuoden 2023 Liitop\u00e4iv\u00e4t on 28.-29.10.2023 Pajulahdessa <a href=\"https:\/\/frisbeegolfliitto.fi\/2023\/02\/09\/vuoden-2023-liitopaivat-pajulahdessa\/\" target=\"_blank\" rel=\"noreferrer noopener\">Linkki<\/a><\/li>\n\n\n\n<li>Tuomo Rikman osallistuu SFL hallituksen puitteissa<\/li>\n\n\n\n<li>Seuran edustajia ei ole viel\u00e4 nimetty<\/li>\n<\/ul>\n\n\n\n<p><strong>Osallistutaan aktiivisesti Vihdin kunnan kanssa uuden frisbeegolfkent\u00e4n paikan etsimiseen.<\/strong><\/p>\n\n\n\n<ul class=\"wp-block-list\">\n<li>Ari Penttala edist\u00e4\u00e4 t\u00e4t\u00e4 aihetta yhdess\u00e4 hallituksen kanssa.<\/li>\n<\/ul>\n","protected":false},"excerpt":{"rendered":"<p>Toimintasuunnitelma 2023 Mahdollistetaan salivuorolla harjoitteleminen vuokraamalla Pappilanpellon koulun salia. J\u00e4rjestet\u00e4\u00e4n seuranmestaruuskilpailut ja muita kilpailuja. Spring Masters j\u00e4rjestet\u00e4\u00e4n Syysmyrskyt pelataan syksyll\u00e4 kahtena erillisen\u00e4 kilpailuna Viikkokisatoiminnalle pyrit\u00e4\u00e4n kehitt\u00e4m\u00e4\u00e4n organisaatio Kilpailujen j\u00e4rjest\u00e4misen organisoimista varten j\u00e4rjestet\u00e4\u00e4n tapaamisia. Mahdollinen kauden tuotto korvamerkit\u00e4\u00e4n uuteen ruohonleikkuriin. Mahdollinen kauden tappio kuitataan aiempien vuosien ylij\u00e4\u00e4m\u00e4st\u00e4. Seura osallistuu SFL:n kehitt\u00e4misp\u00e4iviin Liitop\u00e4iville. Osallistutaan aktiivisesti Vihdin kunnan &hellip; <a href=\"https:\/\/www.nummelanfrisbeeseura.com\/kotisivut\/toimintasuunnitelma-2023\/\" class=\"more-link\">Jatka lukemista <span class=\"screen-reader-text\">Toimintasuunnitelma 2023<\/span> <span class=\"meta-nav\">&rarr;<\/span><\/a><\/p>\n","protected":false},"author":3,"featured_media":0,"parent":0,"menu_order":0,"comment_status":"closed","ping_status":"closed","template":"","meta":{"_bbp_topic_count":0,"_bbp_reply_count":0,"_bbp_total_topic_count":0,"_bbp_total_reply_count":0,"_bbp_voice_count":0,"_bbp_anonymous_reply_count":0,"_bbp_topic_count_hidden":0,"_bbp_reply_count_hidden":0,"_bbp_forum_subforum_count":0,"jetpack_post_was_ever_published":false,"footnotes":""},"class_list":["post-1559","page","type-page","status-publish","hentry"],"jetpack_sharing_enabled":true,"jetpack_shortlink":"https:\/\/wp.me\/P8w7cz-p9","jetpack-related-posts":[],"_links":{"self":[{"href":"https:\/\/www.nummelanfrisbeeseura.com\/kotisivut\/wp-json\/wp\/v2\/pages\/1559","targetHints":{"allow":["GET"]}}],"collection":[{"href":"https:\/\/www.nummelanfrisbeeseura.com\/kotisivut\/wp-json\/wp\/v2\/pages"}],"about":[{"href":"https:\/\/www.nummelanfrisbeeseura.com\/kotisivut\/wp-json\/wp\/v2\/types\/page"}],"author":[{"embeddable":true,"href":"https:\/\/www.nummelanfrisbeeseura.com\/kotisivut\/wp-json\/wp\/v2\/users\/3"}],"replies":[{"embeddable":true,"href":"https:\/\/www.nummelanfrisbeeseura.com\/kotisivut\/wp-json\/wp\/v2\/comments?post=1559"}],"version-history":[{"count":8,"href":"https:\/\/www.nummelanfrisbeeseura.com\/kotisivut\/wp-json\/wp\/v2\/pages\/1559\/revisions"}],"predecessor-version":[{"id":2327,"href":"https:\/\/www.nummelanfrisbeeseura.com\/kotisivut\/wp-json\/wp\/v2\/pages\/1559\/revisions\/2327"}],"wp:attachment":[{"href":"https:\/\/www.nummelanfrisbeeseura.com\/kotisivut\/wp-json\/wp\/v2\/media?parent=1559"}],"curies":[{"name":"wp","href":"https:\/\/api.w.org\/{rel}","templated":true}]}}