{"id":1588,"date":"2021-12-01T10:04:24","date_gmt":"2021-12-01T08:04:24","guid":{"rendered":"http:\/\/www.nummelanfrisbeeseura.com\/kotisivut\/?page_id=1588"},"modified":"2021-12-01T10:04:25","modified_gmt":"2021-12-01T08:04:25","slug":"seuran-viestintakanavat","status":"publish","type":"page","link":"https:\/\/www.nummelanfrisbeeseura.com\/kotisivut\/seuran-viestintakanavat\/","title":{"rendered":"Seuran viestint\u00e4kanavat"},"content":{"rendered":"\n<p>Seuran viestint\u00e4kanavat ovat seuraavat:<\/p>\n\n\n\n<p><strong>Kotivisut:<\/strong> <a href=\"http:\/\/www.nummelanfrisbeeseura.com\" data-type=\"URL\" data-id=\"www.nummelanfrisbeeseura.com\" target=\"_blank\" rel=\"noreferrer noopener\">www.nummelanfrisbeeseura.com <\/a><\/p>\n\n\n\n<p><strong>Facebookissa:<\/strong> <a href=\"https:\/\/www.facebook.com\/Nummelanfrisbeeseura\" target=\"_blank\" rel=\"noreferrer noopener\">https:\/\/www.facebook.com\/Nummelanfrisbeeseura<\/a><\/p>\n\n\n\n<p><strong>Facebookissa:<\/strong> <a href=\"https:\/\/www.facebook.com\/groups\/58590686616\" target=\"_blank\" rel=\"noreferrer noopener\">https:\/\/www.facebook.com\/groups\/58590686616<\/a><\/p>\n\n\n\n<p><strong>Instagramissa:<\/strong> <a href=\"https:\/\/www.instagram.com\/nummelan_frisbeeseura\/\" target=\"_blank\" rel=\"noreferrer noopener\">https:\/\/www.instagram.com\/nummelan_frisbeeseura\/<\/a><\/p>\n\n\n\n<p>Lis\u00e4ksi tavoita on avata uudistettu keskustelufoorumi (suunnitelma)<\/p>\n\n\n\n<p>H\u00e4sht\u00e4git: #nummelanfrisbeeseura<\/p>\n\n\n\n<p><\/p>\n","protected":false},"excerpt":{"rendered":"<p>Seuran viestint\u00e4kanavat ovat seuraavat: Kotivisut: www.nummelanfrisbeeseura.com Facebookissa: https:\/\/www.facebook.com\/Nummelanfrisbeeseura Facebookissa: https:\/\/www.facebook.com\/groups\/58590686616 Instagramissa: https:\/\/www.instagram.com\/nummelan_frisbeeseura\/ Lis\u00e4ksi tavoita on avata uudistettu keskustelufoorumi (suunnitelma) H\u00e4sht\u00e4git: #nummelanfrisbeeseura<\/p>\n","protected":false},"author":3,"featured_media":0,"parent":0,"menu_order":0,"comment_status":"closed","ping_status":"closed","template":"","meta":{"_bbp_topic_count":0,"_bbp_reply_count":0,"_bbp_total_topic_count":0,"_bbp_total_reply_count":0,"_bbp_voice_count":0,"_bbp_anonymous_reply_count":0,"_bbp_topic_count_hidden":0,"_bbp_reply_count_hidden":0,"_bbp_forum_subforum_count":0,"jetpack_post_was_ever_published":false,"footnotes":""},"class_list":["post-1588","page","type-page","status-publish","hentry"],"jetpack_sharing_enabled":true,"jetpack_shortlink":"https:\/\/wp.me\/P8w7cz-pC","jetpack-related-posts":[],"_links":{"self":[{"href":"https:\/\/www.nummelanfrisbeeseura.com\/kotisivut\/wp-json\/wp\/v2\/pages\/1588","targetHints":{"allow":["GET"]}}],"collection":[{"href":"https:\/\/www.nummelanfrisbeeseura.com\/kotisivut\/wp-json\/wp\/v2\/pages"}],"about":[{"href":"https:\/\/www.nummelanfrisbeeseura.com\/kotisivut\/wp-json\/wp\/v2\/types\/page"}],"author":[{"embeddable":true,"href":"https:\/\/www.nummelanfrisbeeseura.com\/kotisivut\/wp-json\/wp\/v2\/users\/3"}],"replies":[{"embeddable":true,"href":"https:\/\/www.nummelanfrisbeeseura.com\/kotisivut\/wp-json\/wp\/v2\/comments?post=1588"}],"version-history":[{"count":1,"href":"https:\/\/www.nummelanfrisbeeseura.com\/kotisivut\/wp-json\/wp\/v2\/pages\/1588\/revisions"}],"predecessor-version":[{"id":1589,"href":"https:\/\/www.nummelanfrisbeeseura.com\/kotisivut\/wp-json\/wp\/v2\/pages\/1588\/revisions\/1589"}],"wp:attachment":[{"href":"https:\/\/www.nummelanfrisbeeseura.com\/kotisivut\/wp-json\/wp\/v2\/media?parent=1588"}],"curies":[{"name":"wp","href":"https:\/\/api.w.org\/{rel}","templated":true}]}}