{"id":161,"date":"2017-03-17T18:05:17","date_gmt":"2017-03-17T18:05:17","guid":{"rendered":"http:\/\/www.nummelanfrisbeeseura.com\/kotisivut\/?page_id=161"},"modified":"2023-05-14T13:40:42","modified_gmt":"2023-05-14T11:40:42","slug":"seura-asut","status":"publish","type":"page","link":"https:\/\/www.nummelanfrisbeeseura.com\/kotisivut\/seura-asut\/","title":{"rendered":"Seura-asut"},"content":{"rendered":"<p>Nyt on tarjolla mahdollisuus ostaa k\u00e4tev\u00e4sti itsellesi tai kaverillesi lahjaksi seuratuotteita NFS:n logolla varustettuna.<\/p>\n<p><a href=\"https:\/\/i0.wp.com\/www.nummelanfrisbeeseura.com\/kotisivut\/wp-content\/uploads\/2017\/03\/seurakauppa.png?ssl=1\"><img data-recalc-dims=\"1\" loading=\"lazy\" decoding=\"async\" data-attachment-id=\"163\" data-permalink=\"https:\/\/www.nummelanfrisbeeseura.com\/kotisivut\/seura-asut\/seurakauppa\/\" data-orig-file=\"https:\/\/i0.wp.com\/www.nummelanfrisbeeseura.com\/kotisivut\/wp-content\/uploads\/2017\/03\/seurakauppa.png?fit=651%2C244&amp;ssl=1\" data-orig-size=\"651,244\" data-comments-opened=\"0\" data-image-meta=\"{&quot;aperture&quot;:&quot;0&quot;,&quot;credit&quot;:&quot;&quot;,&quot;camera&quot;:&quot;&quot;,&quot;caption&quot;:&quot;&quot;,&quot;created_timestamp&quot;:&quot;0&quot;,&quot;copyright&quot;:&quot;&quot;,&quot;focal_length&quot;:&quot;0&quot;,&quot;iso&quot;:&quot;0&quot;,&quot;shutter_speed&quot;:&quot;0&quot;,&quot;title&quot;:&quot;&quot;,&quot;orientation&quot;:&quot;0&quot;}\" data-image-title=\"seurakauppa\" data-image-description=\"\" data-image-caption=\"\" data-medium-file=\"https:\/\/i0.wp.com\/www.nummelanfrisbeeseura.com\/kotisivut\/wp-content\/uploads\/2017\/03\/seurakauppa.png?fit=300%2C112&amp;ssl=1\" data-large-file=\"https:\/\/i0.wp.com\/www.nummelanfrisbeeseura.com\/kotisivut\/wp-content\/uploads\/2017\/03\/seurakauppa.png?fit=474%2C178&amp;ssl=1\" class=\"alignnone wp-image-163\" src=\"https:\/\/i0.wp.com\/www.nummelanfrisbeeseura.com\/kotisivut\/wp-content\/uploads\/2017\/03\/seurakauppa.png?resize=437%2C163&#038;ssl=1\" alt=\"\" width=\"437\" height=\"163\" srcset=\"https:\/\/i0.wp.com\/www.nummelanfrisbeeseura.com\/kotisivut\/wp-content\/uploads\/2017\/03\/seurakauppa.png?resize=300%2C112&amp;ssl=1 300w, https:\/\/i0.wp.com\/www.nummelanfrisbeeseura.com\/kotisivut\/wp-content\/uploads\/2017\/03\/seurakauppa.png?w=651&amp;ssl=1 651w\" sizes=\"auto, (max-width: 437px) 100vw, 437px\" \/><\/a><\/p>\n<p>NFS:n seura-asusteet voidaan hankkia:<\/p>\n<ul>\n<li><a href=\"https:\/\/www.powergrip.fi\">Powergripin verkkokaupasta<\/a>\u00a0(www.powergrip.fi)<\/li>\n<\/ul>\n<p>Powergripin palvelussa Seurakauppa-valikko l\u00f6ytyy verkkokaupan yl\u00e4valikosta, mik\u00e4li sinut on lis\u00e4tty Powergripin tietokantaan NFS:n j\u00e4senlistalle.<\/p>\n<p>Mik\u00e4li n\u00e4in ei ole, ota yhteytt\u00e4 seuramme\u00a0<a href=\"https:\/\/www.nummelanfrisbeeseura.com\/kotisivut\/yhteystiedot\/\">j\u00e4senvastaavaan<\/a>.<\/p>\n<p>Tervemenoa ostoksille!<\/p>\n<p>(Kuvista p\u00e4\u00e4see suoraan mestoille!)<\/p>\n<p><a href=\"https:\/\/www.powergrip.fi\" target=\"_blank\" rel=\"noopener\"><img data-recalc-dims=\"1\" loading=\"lazy\" decoding=\"async\" data-attachment-id=\"162\" data-permalink=\"https:\/\/www.nummelanfrisbeeseura.com\/kotisivut\/seura-asut\/pretty-good-pg-round-color-235x235\/\" data-orig-file=\"https:\/\/i0.wp.com\/www.nummelanfrisbeeseura.com\/kotisivut\/wp-content\/uploads\/2017\/03\/pretty-good-pg-round-color-235x235.jpg?fit=235%2C235&amp;ssl=1\" data-orig-size=\"235,235\" data-comments-opened=\"0\" data-image-meta=\"{&quot;aperture&quot;:&quot;0&quot;,&quot;credit&quot;:&quot;&quot;,&quot;camera&quot;:&quot;&quot;,&quot;caption&quot;:&quot;&quot;,&quot;created_timestamp&quot;:&quot;0&quot;,&quot;copyright&quot;:&quot;&quot;,&quot;focal_length&quot;:&quot;0&quot;,&quot;iso&quot;:&quot;0&quot;,&quot;shutter_speed&quot;:&quot;0&quot;,&quot;title&quot;:&quot;&quot;,&quot;orientation&quot;:&quot;0&quot;}\" data-image-title=\"pretty-good-pg-round-color-235&#215;235\" data-image-description=\"\" data-image-caption=\"\" data-medium-file=\"https:\/\/i0.wp.com\/www.nummelanfrisbeeseura.com\/kotisivut\/wp-content\/uploads\/2017\/03\/pretty-good-pg-round-color-235x235.jpg?fit=235%2C235&amp;ssl=1\" data-large-file=\"https:\/\/i0.wp.com\/www.nummelanfrisbeeseura.com\/kotisivut\/wp-content\/uploads\/2017\/03\/pretty-good-pg-round-color-235x235.jpg?fit=235%2C235&amp;ssl=1\" class=\"alignleft wp-image-162\" src=\"https:\/\/i0.wp.com\/www.nummelanfrisbeeseura.com\/kotisivut\/wp-content\/uploads\/2017\/03\/pretty-good-pg-round-color-235x235.jpg?resize=246%2C246&#038;ssl=1\" alt=\"\" width=\"246\" height=\"246\" srcset=\"https:\/\/i0.wp.com\/www.nummelanfrisbeeseura.com\/kotisivut\/wp-content\/uploads\/2017\/03\/pretty-good-pg-round-color-235x235.jpg?resize=235%2C235&amp;ssl=1 235w, https:\/\/i0.wp.com\/www.nummelanfrisbeeseura.com\/kotisivut\/wp-content\/uploads\/2017\/03\/pretty-good-pg-round-color-235x235.jpg?resize=150%2C150&amp;ssl=1 150w\" sizes=\"auto, (max-width: 246px) 100vw, 246px\" \/><\/a><\/p>\n","protected":false},"excerpt":{"rendered":"<p>Nyt on tarjolla mahdollisuus ostaa k\u00e4tev\u00e4sti itsellesi tai kaverillesi lahjaksi seuratuotteita NFS:n logolla varustettuna. NFS:n seura-asusteet voidaan hankkia: Powergripin verkkokaupasta\u00a0(www.powergrip.fi) Powergripin palvelussa Seurakauppa-valikko l\u00f6ytyy verkkokaupan yl\u00e4valikosta, mik\u00e4li sinut on lis\u00e4tty Powergripin tietokantaan NFS:n j\u00e4senlistalle. Mik\u00e4li n\u00e4in ei ole, ota yhteytt\u00e4 seuramme\u00a0j\u00e4senvastaavaan. Tervemenoa ostoksille! (Kuvista p\u00e4\u00e4see suoraan mestoille!)<\/p>\n","protected":false},"author":1,"featured_media":0,"parent":0,"menu_order":0,"comment_status":"closed","ping_status":"closed","template":"","meta":{"_bbp_topic_count":0,"_bbp_reply_count":0,"_bbp_total_topic_count":0,"_bbp_total_reply_count":0,"_bbp_voice_count":0,"_bbp_anonymous_reply_count":0,"_bbp_topic_count_hidden":0,"_bbp_reply_count_hidden":0,"_bbp_forum_subforum_count":0,"jetpack_post_was_ever_published":false,"footnotes":""},"class_list":["post-161","page","type-page","status-publish","hentry"],"jetpack_sharing_enabled":true,"jetpack_shortlink":"https:\/\/wp.me\/P8w7cz-2B","jetpack-related-posts":[],"_links":{"self":[{"href":"https:\/\/www.nummelanfrisbeeseura.com\/kotisivut\/wp-json\/wp\/v2\/pages\/161","targetHints":{"allow":["GET"]}}],"collection":[{"href":"https:\/\/www.nummelanfrisbeeseura.com\/kotisivut\/wp-json\/wp\/v2\/pages"}],"about":[{"href":"https:\/\/www.nummelanfrisbeeseura.com\/kotisivut\/wp-json\/wp\/v2\/types\/page"}],"author":[{"embeddable":true,"href":"https:\/\/www.nummelanfrisbeeseura.com\/kotisivut\/wp-json\/wp\/v2\/users\/1"}],"replies":[{"embeddable":true,"href":"https:\/\/www.nummelanfrisbeeseura.com\/kotisivut\/wp-json\/wp\/v2\/comments?post=161"}],"version-history":[{"count":13,"href":"https:\/\/www.nummelanfrisbeeseura.com\/kotisivut\/wp-json\/wp\/v2\/pages\/161\/revisions"}],"predecessor-version":[{"id":2267,"href":"https:\/\/www.nummelanfrisbeeseura.com\/kotisivut\/wp-json\/wp\/v2\/pages\/161\/revisions\/2267"}],"wp:attachment":[{"href":"https:\/\/www.nummelanfrisbeeseura.com\/kotisivut\/wp-json\/wp\/v2\/media?parent=161"}],"curies":[{"name":"wp","href":"https:\/\/api.w.org\/{rel}","templated":true}]}}