{"id":1746,"date":"2022-04-30T14:28:32","date_gmt":"2022-04-30T12:28:32","guid":{"rendered":"http:\/\/www.nummelanfrisbeeseura.com\/kotisivut\/?page_id=1746"},"modified":"2026-02-01T21:03:27","modified_gmt":"2026-02-01T19:03:27","slug":"uusi-harrastus","status":"publish","type":"page","link":"https:\/\/www.nummelanfrisbeeseura.com\/kotisivut\/uusi-harrastus\/","title":{"rendered":"Uusi harrastus?"},"content":{"rendered":"\n<blockquote class=\"wp-block-quote has-large-font-size is-layout-flow wp-block-quote-is-layout-flow\">\n<p>Olisiko frisbeegolf sinun uusi harrastus?<\/p>\n<\/blockquote>\n\n\n\n<p>Oletko etsim\u00e4ss\u00e4 uutta harrastusta, jossa yhdistyv\u00e4t ulkoilu, tekninen taituruus ja sopiva m\u00e4\u00e4r\u00e4 kilpailuhenke\u00e4?<\/p>\n\n\n\n<p>Frisbeegolf on siit\u00e4 koukuttava laji, ett\u00e4 kuka tahansa voi aloittaa, mutta aina l\u00f6ytyy uutta opittavaa.<\/p>\n\n\n\n<p>N\u00e4in rakennat polkusi vasta-alkajasta legendaksi \ud83d\ude09<\/p>\n\n\n\n<h4 class=\"wp-block-heading\"><strong>1. Taso: &#8221;Kipin\u00e4 syttyy&#8221;<\/strong><\/h4>\n\n\n\n<p><strong>Aloitus:<\/strong> Kaikki alkaa ensimm\u00e4isest\u00e4 heitosta. Tarvitset vain yhden kiekon (putterin) ja ripauksen uteliaisuutta.<\/p>\n\n\n\n<p><strong>Miten alkuun:<\/strong> Peruskiekkojen hankinnan j\u00e4lkeen suuntaa l\u00e4himmille radoille.<\/p>\n\n\n\n<p><strong>Aluksi tavoite on yksinkertainen:<\/strong> saada kiekko koriin mahdollisimman v\u00e4hill\u00e4 heitoilla.  \u00c4l\u00e4 murehdi tyylipisteist\u00e4 viel\u00e4 \u2013 t\u00e4ss\u00e4 vaiheessa t\u00e4rkeint\u00e4 on l\u00f6yt\u00e4\u00e4 heitt\u00e4misen ilo ja oppia hallitsemaan kiekon lentorataa.<\/p>\n\n\n\n<p><strong>Pro-vinkki:<\/strong> Jos heitto karkaa sivuun, se on loistava tilaisuus testata uusia asentoja ja pelastautumisheittoja.<\/p>\n\n\n\n<h4 class=\"wp-block-heading\"><strong>2. Taso: &#8221;Osaksi porukkaa&#8221; (NFS J\u00e4senyys)<\/strong><\/h4>\n\n\n\n<p><strong>Miksi?<\/strong> Seuraan liittyminen on paras tapa nopeuttaa kehityst\u00e4.<\/p>\n\n\n\n<p>Saat peliseuraa kokeneemmista harrastajista, p\u00e4\u00e4set mukaan seuran omiin tapahtumiin ja saat tukea harrastukseesi.<\/p>\n\n\n\n<ul class=\"wp-block-list\">\n<li><strong>Toimi n\u00e4in:<\/strong> T\u00e4yt\u00e4 j\u00e4senhakemus ja maksa j\u00e4senmaksu Suomisportissa. Onnittelut, olet nyt virallinen urheiluseuran j\u00e4sen!<\/li>\n<\/ul>\n\n\n\n<h4 class=\"wp-block-heading\"><strong>3. Taso: Viikkokisat \u2013 Testaa kanttisi<\/strong><\/h4>\n\n\n\n<p>Kun perusheitot pysyv\u00e4t suunnilleen siell\u00e4 miss\u00e4 pit\u00e4\u00e4kin, voisi olla aika kokeilla kilpailemista matalalla kynnyksell\u00e4.<\/p>\n\n\n\n<ul class=\"wp-block-list\">\n<li><strong>Miss\u00e4:<\/strong> Seura j\u00e4rjest\u00e4v\u00e4t viikkokisoja minne kaikki ovat tervetulleita. Niit\u00e4 l\u00f6yd\u00e4t Disc Golf Metrixist\u00e4. Kannattaa kysy\u00e4 paikallisen seuran yhteyshenkil\u00f6ilt\u00e4 my\u00f6s.<\/li>\n\n\n\n<li><strong>Tunnelma:<\/strong> Viikkokisat ovat rento tapa oppia kilpailun s\u00e4\u00e4nn\u00f6t ja etiketti. Huomaat pian, ett\u00e4 peli on ennen kaikkea taistelua omaa keskittymist\u00e4 vastaan. \ud83d\ude09<\/li>\n<\/ul>\n\n\n\n<h4 class=\"wp-block-heading\"><strong>4. Taso: Kilpailulisenssi ja tavoitteellinen harjoittelu<\/strong><\/h4>\n\n\n\n<p>Nyt harrastus muuttuu tavoitteellisemmaksi. Haluat mitata tasosi valtakunnallisesti.<\/p>\n\n\n\n<ul class=\"wp-block-list\">\n<li><strong>Hankintalista:<\/strong> SFL:n kilpailulisenssi (hoituu NFS:n kautta). Se avaa ovet virallisiin PDGA-kisoihin.<\/li>\n\n\n\n<li><strong>Rating:<\/strong> Saat ensimm\u00e4isen virallisen tasolukusi. Se toimii polttoaineena kehitykselle \u2013 haluat n\u00e4hd\u00e4 numeron nousevan kisa kisalta.<\/li>\n\n\n\n<li><strong>Kehitys:<\/strong> T\u00e4ss\u00e4 vaiheessa hiotaan tekniikkaa: opettelet eri otteet, vauhdinotot ja erilaiset kiekkomallit eri tilanteisiin.<\/li>\n<\/ul>\n\n\n\n<h4 class=\"wp-block-heading\"><strong>5. Taso: SM-karsinnat ja Pro-taso<\/strong><\/h4>\n\n\n\n<p>Kun tasosi nousee, tavoitteet kasvavat. Osallistut SM-karsintoihin ja haastat Suomen parhaat pelaajat. T\u00e4ss\u00e4 vaiheessa peli on jo \u00e4\u00e4rimm\u00e4isen tarkkaa suorittamista, jossa jokainen putti ja l\u00e4hestymisheitto lasketaan. Olet harrastaja, joka tiet\u00e4\u00e4 tismalleen, mit\u00e4 tekee.<\/p>\n\n\n\n<h4 class=\"wp-block-heading\"><strong>6. Taso: Maajoukkue ja edustusasu<\/strong><\/h4>\n\n\n\n<p>Kovan ty\u00f6n, tuhansien toistojen ja periksiantamattomuuden my\u00f6t\u00e4 maajoukkueen ovet voivat aueta. <\/p>\n\n\n\n<p>P\u00e4\u00e4set mahdollisesti edustamaan my\u00f6s Suomea arvokisoissa maailmalla. <\/p>\n\n\n\n<p><strong>Linkkej\u00e4:<\/strong><\/p>\n\n\n\n<p><a href=\"https:\/\/frisbeegolfliitto.fi\/\">Suomen frisbeegolfliitto ry (SFL)<\/a><\/p>\n\n\n\n<p><a href=\"https:\/\/frisbeegolfliitto.fi\/harrastuksen-aloittaminen\/\">SFL &#8211; Harrastuksen aloittaminen, pelin tarkoitus, v\u00e4lineet ja paljon muuta hyv\u00e4\u00e4 tietoa!<\/a><\/p>\n\n\n\n<p><a href=\"https:\/\/frisbeegolfliitto.fi\/sanasto\/\" target=\"_blank\" rel=\"noreferrer noopener\">SFL &#8211; Sanastoa<\/a><\/p>\n\n\n\n<p><strong>S\u00e4\u00e4nn\u00f6t ja etiketti<\/strong><\/p>\n\n\n\n<p><a href=\"https:\/\/frisbeegolfliitto.fi\/aloittelijat\/saannot-lyhyesti\/\">SFL &#8211; S\u00e4\u00e4nn\u00f6t lyhyesti<\/a><\/p>\n\n\n\n<p><a rel=\"noreferrer noopener\" href=\"https:\/\/frisbeegolfliitto.fi\/aloittelijat\/etiketti\/\" target=\"_blank\">SFL &#8211; Etiketti<\/a><\/p>\n\n\n\n<p><strong>Seurat, j\u00e4seneksi<\/strong><\/p>\n\n\n\n<p><a href=\"https:\/\/frisbeegolfliitto.fi\/liity-seuraan-ja-hanki-kilpailulisenssi\/\" target=\"_blank\" rel=\"noreferrer noopener\">SFL &#8211; Liity seuraan ja hanki kilpailulisenssi<\/a><\/p>\n\n\n\n<p><a rel=\"noreferrer noopener\" href=\"https:\/\/www.nummelanfrisbeeseura.com\/kotisivut\/jasenmaksut\/\" target=\"_blank\">NFS &#8211; J\u00e4seneksi?<\/a><\/p>\n\n\n\n<p><strong>Kilpailut<\/strong><\/p>\n\n\n\n<p><a href=\"https:\/\/frisbeegolfliitto.fi\/nain-aloitat-kilpailemisen\/\" target=\"_blank\" rel=\"noreferrer noopener\">SFL &#8211; N\u00e4in aloitat kilpailemisen<\/a><\/p>\n\n\n\n<p><a href=\"https:\/\/frisbeegolfliitto.fi\/lisenssi-ja-vakuutus\/\" target=\"_blank\" rel=\"noreferrer noopener\">SFL &#8211; J\u00e4senyys, lisenssi ja vakuutus 2022<\/a><\/p>\n\n\n\n<p>SFL:n alaiset kilpailut Disc Golf Metrixiss\u00e4: <a rel=\"noreferrer noopener\" href=\"http:\/\/sfl.discgolfmetrix.com\/\" target=\"_blank\">http:\/\/sfl.discgolfmetrix.com\/<\/a><\/p>\n\n\n\n<p>SFL:n alaiset SM kilpailut l\u00f6ytyv\u00e4t yhdest\u00e4 paikasta <a rel=\"noreferrer noopener\" href=\"https:\/\/frisbeegolf-sm.fi\/\" target=\"_blank\">https:\/\/frisbeegolf-sm.fi\/<\/a><\/p>\n\n\n\n<p><strong>Radat \/ kent\u00e4t<\/strong><\/p>\n\n\n\n<p><a href=\"https:\/\/www.nummelanfrisbeeseura.com\/kotisivut\/kaatis\/\" target=\"_blank\" rel=\"noreferrer noopener\">NFS &#8211; Radat &#8211; Frisbeegolfkentt\u00e4 Kaatis<\/a><\/p>\n\n\n\n<p><a href=\"https:\/\/www.nummelanfrisbeeseura.com\/kotisivut\/nummelanharju\/\" target=\"_blank\" rel=\"noreferrer noopener\">NFS &#8211; Radat &#8211; Nummelanharjun frisbeegolfrata<\/a><\/p>\n\n\n\n<p><a href=\"https:\/\/www.nummelanfrisbeeseura.com\/kotisivut\/pajuniitty\/\" target=\"_blank\" rel=\"noreferrer noopener\">NFS &#8211; Radat &#8211; Pajuniitty (Esteet\u00f6n multigolfrata)<\/a><\/p>\n\n\n\n<p><a rel=\"noreferrer noopener\" href=\"https:\/\/frisbeegolfradat.fi\/\" target=\"_blank\">frisbeegolfrada.fi (fgr.fi)<\/a><\/p>\n\n\n\n<p><strong>Suomisport, Disc Golf Metrix, UDisc<\/strong><\/p>\n\n\n\n<p><a href=\"https:\/\/www.suomisport.fi\/\" target=\"_blank\" rel=\"noreferrer noopener\">suomisport.fi<\/a><\/p>\n\n\n\n<p><a href=\"https:\/\/discgolfmetrix.com\/\" target=\"_blank\" rel=\"noreferrer noopener\">Disc Golf Metrix<\/a><\/p>\n\n\n\n<p><a href=\"https:\/\/udisc.com\/\">UDisc<\/a><\/p>\n","protected":false},"excerpt":{"rendered":"<p>Olisiko frisbeegolf sinun uusi harrastus? Oletko etsim\u00e4ss\u00e4 uutta harrastusta, jossa yhdistyv\u00e4t ulkoilu, tekninen taituruus ja sopiva m\u00e4\u00e4r\u00e4 kilpailuhenke\u00e4? Frisbeegolf on siit\u00e4 koukuttava laji, ett\u00e4 kuka tahansa voi aloittaa, mutta aina l\u00f6ytyy uutta opittavaa. N\u00e4in rakennat polkusi vasta-alkajasta legendaksi \ud83d\ude09 1. Taso: &#8221;Kipin\u00e4 syttyy&#8221; Aloitus: Kaikki alkaa ensimm\u00e4isest\u00e4 heitosta. Tarvitset vain yhden kiekon (putterin) ja ripauksen &hellip; <a href=\"https:\/\/www.nummelanfrisbeeseura.com\/kotisivut\/uusi-harrastus\/\" class=\"more-link\">Jatka lukemista <span class=\"screen-reader-text\">Uusi harrastus?<\/span> <span class=\"meta-nav\">&rarr;<\/span><\/a><\/p>\n","protected":false},"author":3,"featured_media":0,"parent":0,"menu_order":0,"comment_status":"closed","ping_status":"closed","template":"","meta":{"_bbp_topic_count":0,"_bbp_reply_count":0,"_bbp_total_topic_count":0,"_bbp_total_reply_count":0,"_bbp_voice_count":0,"_bbp_anonymous_reply_count":0,"_bbp_topic_count_hidden":0,"_bbp_reply_count_hidden":0,"_bbp_forum_subforum_count":0,"jetpack_post_was_ever_published":false,"footnotes":""},"class_list":["post-1746","page","type-page","status-publish","hentry"],"jetpack_sharing_enabled":true,"jetpack_shortlink":"https:\/\/wp.me\/P8w7cz-sa","jetpack-related-posts":[],"_links":{"self":[{"href":"https:\/\/www.nummelanfrisbeeseura.com\/kotisivut\/wp-json\/wp\/v2\/pages\/1746","targetHints":{"allow":["GET"]}}],"collection":[{"href":"https:\/\/www.nummelanfrisbeeseura.com\/kotisivut\/wp-json\/wp\/v2\/pages"}],"about":[{"href":"https:\/\/www.nummelanfrisbeeseura.com\/kotisivut\/wp-json\/wp\/v2\/types\/page"}],"author":[{"embeddable":true,"href":"https:\/\/www.nummelanfrisbeeseura.com\/kotisivut\/wp-json\/wp\/v2\/users\/3"}],"replies":[{"embeddable":true,"href":"https:\/\/www.nummelanfrisbeeseura.com\/kotisivut\/wp-json\/wp\/v2\/comments?post=1746"}],"version-history":[{"count":10,"href":"https:\/\/www.nummelanfrisbeeseura.com\/kotisivut\/wp-json\/wp\/v2\/pages\/1746\/revisions"}],"predecessor-version":[{"id":3557,"href":"https:\/\/www.nummelanfrisbeeseura.com\/kotisivut\/wp-json\/wp\/v2\/pages\/1746\/revisions\/3557"}],"wp:attachment":[{"href":"https:\/\/www.nummelanfrisbeeseura.com\/kotisivut\/wp-json\/wp\/v2\/media?parent=1746"}],"curies":[{"name":"wp","href":"https:\/\/api.w.org\/{rel}","templated":true}]}}