{"id":1895,"date":"2022-09-27T07:45:41","date_gmt":"2022-09-27T05:45:41","guid":{"rendered":"http:\/\/www.nummelanfrisbeeseura.com\/kotisivut\/?page_id=1895"},"modified":"2025-09-01T16:59:00","modified_gmt":"2025-09-01T14:59:00","slug":"radat-ja-kentat-kalenteri","status":"publish","type":"page","link":"https:\/\/www.nummelanfrisbeeseura.com\/kotisivut\/radat-ja-kentat-kalenteri\/","title":{"rendered":"Radat ja kent\u00e4t &#8211; kalenteri"},"content":{"rendered":"\n<p>T\u00e4nne on pyritty listaamaan tapahtumat mit\u00e4 Kaatiksella, Harjulla tai Pajuniityn radoilla\/kentill\u00e4 pidet\u00e4\u00e4n.<\/p>\n\n\n\n<p>Tuolloin rata\/kentt\u00e4 on varattu tapahtumalle ja mahdollisesti voi olla rajoituksia.<\/p>\n\n\n\n<p>Lis\u00e4tietoja voi lukea Uutisen ja\/tai Metrix linkin kautta.<\/p>\n\n\n\n<p><strong>Ulkopuoliset j\u00e4rjest\u00e4j\u00e4t:<\/strong><\/p>\n\n\n\n<p>Tapahtuman perustiedot t\u00e4m\u00e4n lomakkeen kautta <a href=\"https:\/\/forms.office.com\/e\/U3AqiKKE3C\" target=\"_blank\" rel=\"noreferrer noopener\">LINKKI<\/a><\/p>\n\n\n\n<p class=\"has-medium-font-size\"><strong>Frisbeegolfkentt\u00e4 Kaatis<\/strong><\/p>\n\n\n\n<figure class=\"wp-block-table is-style-stripes\"><table><thead><tr><th>Tapahtuma<\/th><th>P\u00e4iv\u00e4m\u00e4\u00e4r\u00e4<\/th><th>Linkki<\/th><\/tr><\/thead><tbody><tr><td>Syysmyrsky XVI 2025 AM \/ PRO<\/td><td>27.9.2025<br>28.9.2025<\/td><td><a href=\"https:\/\/www.nummelanfrisbeeseura.com\/kotisivut\/syysmyrsky-xvi-2025-am-ja-pro-27-28-9-2025\/\" target=\"_blank\" rel=\"noreferrer noopener\">Uutinen<\/a><\/td><\/tr><tr><td><strong>Alla menneet tapahtumat:<\/strong><\/td><td><\/td><td><\/td><\/tr><tr><td>Kaatis Open 2025 by Fribakisat.fi<\/td><td>18.5.2025<\/td><td><a href=\"https:\/\/discgolfmetrix.com\/3176021\" target=\"_blank\" rel=\"noreferrer noopener\">Metrix<\/a><\/td><\/tr><tr><td>SFL MASTERS TOUR KAATIS BY TEIPPITUKKU.FI &amp; PRODISCUS<\/td><td>3-4.5.2025<\/td><td><a href=\"https:\/\/discgolfmetrix.com\/3189177&amp;view=info\" target=\"_blank\" rel=\"noreferrer noopener\">Metrix<\/a><br><a href=\"https:\/\/frisbeegolfliitto.fi\/masters-tour\/\" target=\"_blank\" rel=\"noreferrer noopener\">SFL Uutinen<\/a><\/td><\/tr><tr><td>SFL Masters Tour 2024<br>Lauantaina 12:00 &#8211; 17:00 v\u00e4lisen\u00e4 aikana kentt\u00e4 varattu kilpailulle<\/td><td>21.9.2024<\/td><td><a href=\"https:\/\/discgolfmetrix.com\/2858271&amp;view=info\" target=\"_blank\" rel=\"noreferrer noopener\">Metrix<\/a><\/td><\/tr><tr><td>Syysmyrsky 2024 XV PRO<\/td><td>15.9.2024<\/td><td><a href=\"https:\/\/www.nummelanfrisbeeseura.com\/kotisivut\/syysmyrsky-xv-2024\/\" target=\"_blank\" rel=\"noreferrer noopener\">Uutinen<\/a><br><a href=\"https:\/\/discgolfmetrix.com\/3013715\" target=\"_blank\" rel=\"noreferrer noopener\">Metrix<\/a><\/td><\/tr><tr><td>Syysmyrsky 2024 XV AM<\/td><td>14.9.2024<\/td><td><a href=\"https:\/\/www.nummelanfrisbeeseura.com\/kotisivut\/syysmyrsky-xv-2024\/\" target=\"_blank\" rel=\"noreferrer noopener\">Uutinen<\/a><br><a href=\"https:\/\/discgolfmetrix.com\/3013703\" target=\"_blank\" rel=\"noreferrer noopener\">Metrix<\/a><\/td><\/tr><tr><td>Discats Vihdin kes\u00e4liiga 2024 &#8211; Finaali<\/td><td>27.8.2024<\/td><td><a href=\"https:\/\/www.nummelanfrisbeeseura.com\/kotisivut\/discats-vihdin-kesaliiga-2024\/\" target=\"_blank\" rel=\"noreferrer noopener\">Uutinen<\/a><\/td><\/tr><tr><td>Kaatis Open 2024 By Fribakisat.fi<\/td><td>17.8.2024<\/td><td><a href=\"https:\/\/discgolfmetrix.com\/2852866\" target=\"_blank\" rel=\"noreferrer noopener\">Metrix<\/a><\/td><\/tr><tr><td>Discats Vihdin kes\u00e4liiga 2024 #4<\/td><td>30.7.2024<\/td><td><a href=\"https:\/\/www.nummelanfrisbeeseura.com\/kotisivut\/discats-vihdin-kesaliiga-2024\/\" target=\"_blank\" rel=\"noreferrer noopener\">Uut<\/a><a href=\"https:\/\/discgolfmetrix.com\/2893367&amp;view=info\" target=\"_blank\" rel=\"noreferrer noopener\">inen<\/a><br><a href=\"https:\/\/discgolfmetrix.com\/2999514\" target=\"_blank\" rel=\"noreferrer noopener\">Metrix<\/a><\/td><\/tr><tr><td>NBDG Amateurs\u2122 Kaatis<\/td><td>29.6.2024<\/td><td><a href=\"https:\/\/discgolfmetrix.com\/2896079\" target=\"_blank\" rel=\"noreferrer noopener\">Metrix<\/a><br><a href=\"https:\/\/www.nummelanfrisbeeseura.com\/kotisivut\/nbdg-amateurs-kaatis-29-6-2024\/\" target=\"_blank\" rel=\"noreferrer noopener\">Uutinen<\/a><\/td><\/tr><tr><td>Discats Vihdin kes\u00e4liiga 2024 #3<\/td><td>25.6.2024<\/td><td><a href=\"https:\/\/www.nummelanfrisbeeseura.com\/kotisivut\/discats-vihdin-kesaliiga-2024\/\" target=\"_blank\" rel=\"noreferrer noopener\">Uutinen<\/a><\/td><\/tr><tr><td>Discats Vihdin kes\u00e4liiga 2024 #2<\/td><td>28.5.2024<\/td><td><a href=\"https:\/\/www.nummelanfrisbeeseura.com\/kotisivut\/discats-vihdin-kesaliiga-2024\/\" target=\"_blank\" rel=\"noreferrer noopener\">Uutinen<\/a><br><a href=\"https:\/\/discgolfmetrix.com\/2927232\" target=\"_blank\" rel=\"noreferrer noopener\">Metrix<\/a><\/td><\/tr><tr><td>Discats Vihdin kes\u00e4liiga 2024 #1<\/td><td>1.5.2024<\/td><td><a href=\"https:\/\/www.nummelanfrisbeeseura.com\/kotisivut\/discats-vihdin-kesaliiga-2024\/\" target=\"_blank\" rel=\"noreferrer noopener\">Uutinen<\/a><br><a href=\"https:\/\/discgolfmetrix.com\/2898237\" target=\"_blank\" rel=\"noreferrer noopener\">Metrix<\/a><\/td><\/tr><tr><td>Kaatis Best Shot: \u00c4ss\u00e4kisa<\/td><td>29.4.2024<\/td><td><a href=\"https:\/\/discgolfmetrix.com\/2897994\" target=\"_blank\" rel=\"noreferrer noopener\">Metrix<\/a><\/td><\/tr><tr><td>Seuranmestaruuskilpailu<br>1330 \u2013 n. 1630 Ei muita!!!<\/td><td>15.10.2023<\/td><td><a href=\"https:\/\/www.nummelanfrisbeeseura.com\/kotisivut\/nfs-seuranmestaruuskilpailu-2023\/\" data-type=\"link\" data-id=\"https:\/\/www.nummelanfrisbeeseura.com\/kotisivut\/nfs-seuranmestaruuskilpailu-2023\/\" target=\"_blank\" rel=\"noreferrer noopener\">Uutinen<\/a><\/td><\/tr><tr><td>Syysmyrsky AM \/ PRO 2023<\/td><td>23.-24.9.2023<\/td><td><a href=\"https:\/\/www.nummelanfrisbeeseura.com\/kotisivut\/syysmyrsky-xiv-2023-am-pro\/\" target=\"_blank\" rel=\"noreferrer noopener\">Uutinen<\/a><\/td><\/tr><tr><td>SFL MASTERSTOUR 2023 #1 \u2013 VIHTI SPRING MASTERS&nbsp;<\/td><td>6.-7.5.2023<\/td><td><a href=\"https:\/\/www.nummelanfrisbeeseura.com\/kotisivut\/sfl-masterstour-2023-1-vihti-spring-masters\/\" target=\"_blank\" rel=\"noreferrer noopener\">Uutinen<\/a><\/td><\/tr><tr><td>NBDG Amateurs Kaatis<\/td><td>23.10.2022<\/td><td><a href=\"https:\/\/www.nummelanfrisbeeseura.com\/kotisivut\/nbdg-amateurs-kaatis-23-10-2022-kaatis\/\" target=\"_blank\" rel=\"noreferrer noopener\">Uutinen<\/a><\/td><\/tr><tr><td>DisCats Tour: Finaali<\/td><td>8.-9.10.2022<\/td><td><a href=\"https:\/\/www.nummelanfrisbeeseura.com\/kotisivut\/discats-tour-finaali-8-9-10-kaatis\/\" target=\"_blank\" rel=\"noreferrer noopener\">Uutinen<\/a><\/td><\/tr><tr><td>NFS Seuranmestaruuskilpailu 2022<\/td><td>2.10.2022<\/td><td><a href=\"https:\/\/www.nummelanfrisbeeseura.com\/kotisivut\/seuranmestaruuskilpailu-2022\/\" target=\"_blank\" rel=\"noreferrer noopener\">Uutinen<\/a><\/td><\/tr><tr><td>Syysmyrsky 2022<\/td><td>25.-26.9.2022<\/td><td><a href=\"https:\/\/www.nummelanfrisbeeseura.com\/kotisivut\/perinteiset-syysmyrskyt-kaatiksella-2022\/\" target=\"_blank\" rel=\"noreferrer noopener\">Uutinen<\/a><\/td><\/tr><\/tbody><\/table><\/figure>\n\n\n\n<p><\/p>\n\n\n\n<p class=\"has-medium-font-size\"><strong>Nummelanharjun frisbeegolfrata<\/strong><\/p>\n\n\n\n<figure class=\"wp-block-table is-style-stripes\"><table><thead><tr><th>Tapahtuma<\/th><th>P\u00e4iv\u00e4m\u00e4\u00e4r\u00e4<\/th><th>Linkki<\/th><\/tr><\/thead><tbody><tr><td>Discraft Ace Race 2025 Nummelanharju<\/td><td>4.10.2025<\/td><td><a href=\"https:\/\/discgolfmetrix.com\/3435418&amp;view=info\" target=\"_blank\" rel=\"noreferrer noopener\">Metrix<\/a><\/td><\/tr><tr><td><strong>Alla menneet tapahtumat:<\/strong><\/td><td><\/td><td><\/td><\/tr><tr><td>Nummelanharju Open 2025 by Fribakisat.fi<\/td><td>31.8.2025<\/td><td><a href=\"https:\/\/discgolfmetrix.com\/3194286&amp;view=info\" target=\"_blank\" rel=\"noreferrer noopener\">Metrix<\/a><\/td><\/tr><tr><td>DisCats Doubles Nummelanharju<\/td><td>10.5.2025<\/td><td><a href=\"https:\/\/discgolfmetrix.com\/3287495&amp;view=info\" target=\"_blank\" rel=\"noreferrer noopener\">Metrix<\/a><\/td><\/tr><tr><td>DisCats Doubles<\/td><td>6.4.2025<\/td><td><a href=\"https:\/\/discgolfmetrix.com\/3242547&amp;view=info\">Metrix<\/a><\/td><\/tr><tr><td>PDGA Europe Master\u2019s Event<br>#georgethevolunteer<\/td><td>14.-15.9.2024<\/td><td><\/td><\/tr><tr><td>Ned Kelly\u00b4s Doubles 2024<\/td><td>7.9.2024<\/td><td><a href=\"https:\/\/discgolfmetrix.com\/3103425\" target=\"_blank\" rel=\"noreferrer noopener\">Metrix<\/a><\/td><\/tr><tr><td>Discraft Ace Race 2024 Nummelanharju<\/td><td>4.8.2024<\/td><td><a href=\"https:\/\/discgolfmetrix.com\/2985889\" target=\"_blank\" rel=\"noreferrer noopener\">Metrix<\/a><\/td><\/tr><tr><td>Nummelanharju Open 2024 By Fribakisat.fi<\/td><td>2.6.2024<\/td><td><a href=\"https:\/\/discgolfmetrix.com\/2852822\" target=\"_blank\" rel=\"noreferrer noopener\">Metrix<\/a><\/td><\/tr><tr><td>Sapeli 1\/24-harjoitusta, Kaartin j\u00e4\u00e4k\u00e4rirykmentti &#8211; Vihdin lentokent\u00e4n alue<\/td><td>24.5-31.5.2024<\/td><td><a href=\"https:\/\/www.nummelanfrisbeeseura.com\/kotisivut\/nummelanharjun-frisbeegolfkentta-24-5-31-5-2024\/\" target=\"_blank\" rel=\"noreferrer noopener\">Uutinen<\/a><\/td><\/tr><tr><td>Ned Kelly&#8217; s Doubles<\/td><td>11.5.2024<\/td><td><a href=\"https:\/\/discgolfmetrix.com\/2905081\" target=\"_blank\" rel=\"noreferrer noopener\">Metrix<\/a><\/td><\/tr><tr><td>DisCats Spring Doubles Nummelanharju Vol 2.<\/td><td>9.5.2024<\/td><td><a href=\"https:\/\/discgolfmetrix.com\/2887766&amp;view=info\" target=\"_blank\" rel=\"noreferrer noopener\">Metrix<\/a><\/td><\/tr><tr><td>DisCats Spring Doubles<\/td><td>14.4.2024<\/td><td><a href=\"https:\/\/discgolfmetrix.com\/2872275&amp;view=info\" data-type=\"link\" data-id=\"https:\/\/discgolfmetrix.com\/2872275&amp;view=info\" target=\"_blank\" rel=\"noreferrer noopener\">Metrix<\/a><\/td><\/tr><tr><td>Seuranmestaruuskilpailu<br>0900 &#8211; n. 1200<\/td><td>15.10.2023<\/td><td><a href=\"https:\/\/www.nummelanfrisbeeseura.com\/kotisivut\/nfs-seuranmestaruuskilpailu-2023\/\" data-type=\"link\" data-id=\"https:\/\/www.nummelanfrisbeeseura.com\/kotisivut\/nfs-seuranmestaruuskilpailu-2023\/\" target=\"_blank\" rel=\"noreferrer noopener\">Uutinen<\/a><\/td><\/tr><tr><td>Vihti Race &#8211; V\u00e4yl\u00e4t 10, 11 ja 12 kiinni<\/td><td>9.9.2023<br>Klo 7-15<\/td><td><a href=\"https:\/\/www.nummelanfrisbeeseura.com\/kotisivut\/vihti-race-nummelanharjun-frisbeegolfrata\/\" target=\"_blank\" rel=\"noreferrer noopener\">Uutinen<\/a><\/td><\/tr><tr><td>Nummelanharjun viikkokilpailut 2023<\/td><td>Joka Ti 9.5 &#8211; syksy<br>18:00 &#8211; n. 20:00<\/td><td><a href=\"https:\/\/www.nummelanfrisbeeseura.com\/kotisivut\/nummelanharjun-viikkokilpailut-2023\/\" target=\"_blank\" rel=\"noreferrer noopener\">Uutinen<\/a><\/td><\/tr><tr><td>Ned Kelly\u00b4s Doubles<\/td><td>13.5.2023<\/td><td><a href=\"https:\/\/discgolfmetrix.com\/2527316\" target=\"_blank\" rel=\"noreferrer noopener\">Metrix<\/a><\/td><\/tr><tr><td>DisCats Spring Doubles Nummelanharju<\/td><td>15.4.2023<\/td><td><a href=\"https:\/\/discgolfmetrix.com\/2483485&amp;view=info\" target=\"_blank\" rel=\"noreferrer noopener\">Uutinen<\/a><\/td><\/tr><tr><td>DisCats Spring Doubles Nummelanharju<\/td><td>2.4.2023<\/td><td><a href=\"https:\/\/www.nummelanfrisbeeseura.com\/kotisivut\/discats-spring-doubles-nummelanharju-2-4-2023\/\" target=\"_blank\" rel=\"noreferrer noopener\">Uutinen<\/a><\/td><\/tr><tr><td>NBDG Juniors Nummelanharju<\/td><td>17.8.2022<\/td><td><a href=\"https:\/\/www.nummelanfrisbeeseura.com\/kotisivut\/nbdg-juniors-harju-17-8-2022\/\" target=\"_blank\" rel=\"noreferrer noopener\">Uutinen<\/a><\/td><\/tr><\/tbody><\/table><\/figure>\n\n\n\n<p><\/p>\n\n\n\n<p class=\"has-medium-font-size\"><strong>Pajuniitty<\/strong><\/p>\n\n\n\n<figure class=\"wp-block-table is-style-stripes\"><table><thead><tr><th>Tapahtuma<\/th><th>P\u00e4iv\u00e4m\u00e4\u00e4r\u00e4<\/th><th>Linkki<\/th><\/tr><\/thead><tbody><tr><td><\/td><td><\/td><td><\/td><\/tr><tr><td><strong>Alla menneet tapahtumat:<\/strong><\/td><td><\/td><td><\/td><\/tr><tr><td>Multigolfradan avajaiset<\/td><td>15.9.2021<\/td><td><a href=\"https:\/\/frisbeegolfliitto.fi\/2021\/09\/15\/nummelan-pajuniittyyn-avattiin-esteeton-multigolfrata\/\" target=\"_blank\" rel=\"noreferrer noopener\">Uutinen<\/a><\/td><\/tr><\/tbody><\/table><\/figure>\n\n\n\n<p><\/p>\n","protected":false},"excerpt":{"rendered":"<p>T\u00e4nne on pyritty listaamaan tapahtumat mit\u00e4 Kaatiksella, Harjulla tai Pajuniityn radoilla\/kentill\u00e4 pidet\u00e4\u00e4n. Tuolloin rata\/kentt\u00e4 on varattu tapahtumalle ja mahdollisesti voi olla rajoituksia. Lis\u00e4tietoja voi lukea Uutisen ja\/tai Metrix linkin kautta. Ulkopuoliset j\u00e4rjest\u00e4j\u00e4t: Tapahtuman perustiedot t\u00e4m\u00e4n lomakkeen kautta LINKKI Frisbeegolfkentt\u00e4 Kaatis Tapahtuma P\u00e4iv\u00e4m\u00e4\u00e4r\u00e4 Linkki Syysmyrsky XVI 2025 AM \/ PRO 27.9.202528.9.2025 Uutinen Alla menneet tapahtumat: Kaatis &hellip; <a href=\"https:\/\/www.nummelanfrisbeeseura.com\/kotisivut\/radat-ja-kentat-kalenteri\/\" class=\"more-link\">Jatka lukemista <span class=\"screen-reader-text\">Radat ja kent\u00e4t &#8211; kalenteri<\/span> <span class=\"meta-nav\">&rarr;<\/span><\/a><\/p>\n","protected":false},"author":3,"featured_media":0,"parent":0,"menu_order":0,"comment_status":"closed","ping_status":"closed","template":"","meta":{"_bbp_topic_count":0,"_bbp_reply_count":0,"_bbp_total_topic_count":0,"_bbp_total_reply_count":0,"_bbp_voice_count":0,"_bbp_anonymous_reply_count":0,"_bbp_topic_count_hidden":0,"_bbp_reply_count_hidden":0,"_bbp_forum_subforum_count":0,"jetpack_post_was_ever_published":false,"footnotes":""},"class_list":["post-1895","page","type-page","status-publish","hentry"],"jetpack_sharing_enabled":true,"jetpack_shortlink":"https:\/\/wp.me\/P8w7cz-uz","jetpack-related-posts":[],"_links":{"self":[{"href":"https:\/\/www.nummelanfrisbeeseura.com\/kotisivut\/wp-json\/wp\/v2\/pages\/1895","targetHints":{"allow":["GET"]}}],"collection":[{"href":"https:\/\/www.nummelanfrisbeeseura.com\/kotisivut\/wp-json\/wp\/v2\/pages"}],"about":[{"href":"https:\/\/www.nummelanfrisbeeseura.com\/kotisivut\/wp-json\/wp\/v2\/types\/page"}],"author":[{"embeddable":true,"href":"https:\/\/www.nummelanfrisbeeseura.com\/kotisivut\/wp-json\/wp\/v2\/users\/3"}],"replies":[{"embeddable":true,"href":"https:\/\/www.nummelanfrisbeeseura.com\/kotisivut\/wp-json\/wp\/v2\/comments?post=1895"}],"version-history":[{"count":64,"href":"https:\/\/www.nummelanfrisbeeseura.com\/kotisivut\/wp-json\/wp\/v2\/pages\/1895\/revisions"}],"predecessor-version":[{"id":3405,"href":"https:\/\/www.nummelanfrisbeeseura.com\/kotisivut\/wp-json\/wp\/v2\/pages\/1895\/revisions\/3405"}],"wp:attachment":[{"href":"https:\/\/www.nummelanfrisbeeseura.com\/kotisivut\/wp-json\/wp\/v2\/media?parent=1895"}],"curies":[{"name":"wp","href":"https:\/\/api.w.org\/{rel}","templated":true}]}}