{"id":1951,"date":"2023-01-21T11:15:20","date_gmt":"2023-01-21T09:15:20","guid":{"rendered":"http:\/\/www.nummelanfrisbeeseura.com\/kotisivut\/?page_id=1951"},"modified":"2023-05-11T20:34:54","modified_gmt":"2023-05-11T18:34:54","slug":"all-time-spring-masters-kaatis-vihti","status":"publish","type":"page","link":"https:\/\/www.nummelanfrisbeeseura.com\/kotisivut\/all-time-spring-masters-kaatis-vihti\/","title":{"rendered":"All time Spring Masters Kaatis \/ Vihti"},"content":{"rendered":"\n<p>T\u00e4m\u00e4n sivun tiedot ja linkit on poimittu PDGA.com, kisakone ja Disc Golf Metrix Spring Masters &#8211; Kaatis\/Vihti kilpailusivuilta.<\/p>\n\n\n\n<p><\/p>\n\n\n\n<figure class=\"wp-block-table is-style-stripes\"><table><thead><tr><th class=\"has-text-align-center\" data-align=\"center\">Vuosi<\/th><th>Nimi<\/th><th class=\"has-text-align-center\" data-align=\"center\">TD<\/th><th>Apu-TD(t)<\/th><th class=\"has-text-align-center\" data-align=\"center\">PDGA<\/th><\/tr><\/thead><tbody><tr><td class=\"has-text-align-center\" data-align=\"center\">2016<\/td><td>Spring Masters 2016<\/td><td class=\"has-text-align-center\" data-align=\"center\">Jyrki Enqvist<\/td><td>\ufeff<\/td><td class=\"has-text-align-center\" data-align=\"center\"><a rel=\"noreferrer noopener\" href=\"https:\/\/www.pdga.com\/tour\/event\/26383\" target=\"_blank\">LINKKI<\/a><\/td><\/tr><tr><td class=\"has-text-align-center\" data-align=\"center\">2017<\/td><td>Spring Masters Kaatis<\/td><td class=\"has-text-align-center\" data-align=\"center\">Jyrki Enqvist<\/td><td>\ufeff<\/td><td class=\"has-text-align-center\" data-align=\"center\"><a href=\"https:\/\/www.pdga.com\/tour\/event\/32172\" target=\"_blank\" rel=\"noreferrer noopener\">LINKKI<\/a><\/td><\/tr><tr><td class=\"has-text-align-center\" data-align=\"center\">2018<\/td><td>Spring Masters Kaatis<\/td><td class=\"has-text-align-center\" data-align=\"center\">Jyrki Enqvist<\/td><td><\/td><td class=\"has-text-align-center\" data-align=\"center\"><a href=\"https:\/\/www.pdga.com\/tour\/event\/36275\" target=\"_blank\" rel=\"noreferrer noopener\">LINKKI<\/a><\/td><\/tr><tr><td class=\"has-text-align-center\" data-align=\"center\">2019<\/td><td>Spring Masters Kaatis<\/td><td class=\"has-text-align-center\" data-align=\"center\">Miikka Saturi<\/td><td>Ville Kotam\u00e4ki<\/td><td class=\"has-text-align-center\" data-align=\"center\"><a href=\"https:\/\/www.pdga.com\/tour\/event\/40293\" target=\"_blank\" rel=\"noreferrer noopener\">LINKKI<\/a><\/td><\/tr><tr><td class=\"has-text-align-center\" data-align=\"center\">2022<\/td><td>Fribastore Masters Tour #1 &#8211; Vihti, Kaatis<\/td><td class=\"has-text-align-center\" data-align=\"center\">Tuomo Rikman<\/td><td>Ville Kotam\u00e4ki<\/td><td class=\"has-text-align-center\" data-align=\"center\"><a href=\"https:\/\/www.pdga.com\/tour\/event\/59753\" target=\"_blank\" rel=\"noreferrer noopener\">LINKKI<\/a><\/td><\/tr><tr><td class=\"has-text-align-center\" data-align=\"center\">2023<\/td><td>SFL Masterstour 2023 #1 &#8211; Vihti Spring Masters<br><a rel=\"noreferrer noopener\" href=\"https:\/\/www.nummelanfrisbeeseura.com\/kotisivut\/sfl-masterstour-2023-1-vihti-spring-masters-yhteenveto\/\" target=\"_blank\">Uutinen<\/a><\/td><td class=\"has-text-align-center\" data-align=\"center\">Tuomo Rikman<\/td><td><\/td><td class=\"has-text-align-center\" data-align=\"center\"><a href=\"https:\/\/www.pdga.com\/tour\/event\/66909\" target=\"_blank\" rel=\"noreferrer noopener\">LINKKI<\/a><\/td><\/tr><\/tbody><\/table><\/figure>\n\n\n\n<p><\/p>\n\n\n\n<p class=\"has-medium-font-size\"><strong>MP40 \/ MPM<\/strong><\/p>\n\n\n\n<figure class=\"wp-block-table is-style-stripes\"><table><thead><tr><th class=\"has-text-align-center\" data-align=\"center\">Vuosi<\/th><th>Sija 1.<\/th><th>Sija 2.<\/th><th>Sija 3.<\/th><\/tr><\/thead><tbody><tr><td class=\"has-text-align-center\" data-align=\"center\">2016<\/td><td><a href=\"https:\/\/www.pdga.com\/player\/67543\" target=\"_blank\" rel=\"noreferrer noopener\">Jani Vuori<\/a><\/td><td><a href=\"https:\/\/www.pdga.com\/player\/52899\" target=\"_blank\" rel=\"noreferrer noopener\">Marko H\u00e4m\u00e4l\u00e4inen<\/a><\/td><td><a href=\"https:\/\/www.pdga.com\/player\/8790\" target=\"_blank\" rel=\"noreferrer noopener\">Jouni Leskinen<\/a><\/td><\/tr><tr><td class=\"has-text-align-center\" data-align=\"center\">2017<\/td><td><a href=\"https:\/\/www.pdga.com\/player\/27555\" target=\"_blank\" rel=\"noreferrer noopener\">Ville Piippo<\/a><\/td><td><a href=\"https:\/\/www.pdga.com\/player\/29781\" target=\"_blank\" rel=\"noreferrer noopener\">Jani Nevantausta<\/a><\/td><td><a href=\"https:\/\/www.pdga.com\/player\/8790\" target=\"_blank\" rel=\"noreferrer noopener\">Jouni Leskinen<\/a><\/td><\/tr><tr><td class=\"has-text-align-center\" data-align=\"center\">2018<\/td><td><a href=\"https:\/\/www.pdga.com\/player\/27555\" target=\"_blank\" rel=\"noreferrer noopener\">Ville Piippo<\/a><\/td><td><a href=\"https:\/\/www.pdga.com\/player\/40848\" target=\"_blank\" rel=\"noreferrer noopener\">Thomas Mykk\u00e4nen<\/a><br><a href=\"https:\/\/www.pdga.com\/player\/72975\" target=\"_blank\" rel=\"noreferrer noopener\">Mika Koljonen<\/a><\/td><td><\/td><\/tr><tr><td class=\"has-text-align-center\" data-align=\"center\">2019<\/td><td><a href=\"https:\/\/www.pdga.com\/player\/52899\" target=\"_blank\" rel=\"noreferrer noopener\">Marko H\u00e4m\u00e4l\u00e4inen<\/a><\/td><td><a href=\"https:\/\/www.pdga.com\/player\/27555\" target=\"_blank\" rel=\"noreferrer noopener\">Ville Piippo<\/a><\/td><td><a href=\"https:\/\/www.pdga.com\/player\/8366\" target=\"_blank\" rel=\"noreferrer noopener\">Ari Penttala<\/a><br><a href=\"https:\/\/www.pdga.com\/player\/52035\" target=\"_blank\" rel=\"noreferrer noopener\">Kalle Lehto<\/a><\/td><\/tr><tr><td class=\"has-text-align-center\" data-align=\"center\">2022<\/td><td><a href=\"https:\/\/www.pdga.com\/player\/47516\" target=\"_blank\" rel=\"noreferrer noopener\">Janne Hirsim\u00e4ki<\/a><\/td><td><a href=\"https:\/\/www.pdga.com\/player\/91729\" target=\"_blank\" rel=\"noreferrer noopener\">Jani Parkkonen<\/a><\/td><td><a href=\"https:\/\/www.pdga.com\/player\/61132\" target=\"_blank\" rel=\"noreferrer noopener\">Timo Katajanheimo<\/a><\/td><\/tr><tr><td class=\"has-text-align-center\" data-align=\"center\">2023<\/td><td><a href=\"https:\/\/www.pdga.com\/player\/92164\" target=\"_blank\" rel=\"noreferrer noopener\">Joni Luumi<\/a><\/td><td><a href=\"https:\/\/www.pdga.com\/player\/36465\" target=\"_blank\" rel=\"noreferrer noopener\">Markus M\u00e4ntyl\u00e4<\/a><a href=\"https:\/\/www.pdga.com\/player\/94983\" target=\"_blank\" rel=\"noreferrer noopener\"><br>Harri L\u00e4hdesm\u00e4ki<\/a><a href=\"https:\/\/www.pdga.com\/player\/116266\" target=\"_blank\" rel=\"noreferrer noopener\"><br>Mika Laikko<\/a><\/td><td><\/td><\/tr><\/tbody><\/table><\/figure>\n\n\n\n<p><\/p>\n\n\n\n<p class=\"has-medium-font-size\"><strong>FP40 \/ FPM<\/strong><\/p>\n\n\n\n<figure class=\"wp-block-table is-style-stripes\"><table><thead><tr><th class=\"has-text-align-center\" data-align=\"center\">Vuosi<\/th><th>Sija 1.<\/th><th>Sija 2.<\/th><th>Sija 3.<\/th><\/tr><\/thead><tbody><tr><td class=\"has-text-align-center\" data-align=\"center\">2016<\/td><td><a href=\"https:\/\/www.pdga.com\/player\/40547\" target=\"_blank\" rel=\"noreferrer noopener\">Riina Kotam\u00e4ki<\/a><\/td><td><a href=\"https:\/\/www.pdga.com\/player\/73830\" target=\"_blank\" rel=\"noreferrer noopener\">Kristiina Sylman<\/a><\/td><td><a href=\"https:\/\/www.pdga.com\/player\/80292\" target=\"_blank\" rel=\"noreferrer noopener\">Pirjo Hollemo<\/a><\/td><\/tr><tr><td class=\"has-text-align-center\" data-align=\"center\">2017<\/td><td><a href=\"https:\/\/www.pdga.com\/player\/73830\" target=\"_blank\" rel=\"noreferrer noopener\">Kristiina Sylman<\/a><\/td><td><a href=\"https:\/\/www.pdga.com\/player\/75438\" target=\"_blank\" rel=\"noreferrer noopener\">Susanna Lindqvist<\/a><\/td><td><a href=\"https:\/\/www.pdga.com\/player\/90316\" target=\"_blank\" rel=\"noreferrer noopener\">Sonja Masalin-kyt\u00f6l\u00e4<\/a><\/td><\/tr><tr><td class=\"has-text-align-center\" data-align=\"center\">2018<\/td><td><a href=\"https:\/\/www.pdga.com\/player\/73830\" target=\"_blank\" rel=\"noreferrer noopener\">Kristiina Sylman<\/a><\/td><td><a href=\"https:\/\/www.pdga.com\/player\/55162\" target=\"_blank\" rel=\"noreferrer noopener\">Riitta Savolainen<\/a><\/td><td><a href=\"https:\/\/www.pdga.com\/player\/90813\" target=\"_blank\" rel=\"noreferrer noopener\">Saija Anttila<\/a><\/td><\/tr><tr><td class=\"has-text-align-center\" data-align=\"center\">2019<\/td><td>\ufeff<\/td><td>\ufeff<\/td><td>\ufeff<\/td><\/tr><tr><td class=\"has-text-align-center\" data-align=\"center\">2022<\/td><td><a href=\"https:\/\/www.pdga.com\/player\/103017\" target=\"_blank\" rel=\"noreferrer noopener\">Nina Rajala<\/a><\/td><td><a href=\"https:\/\/www.pdga.com\/player\/55162\" target=\"_blank\" rel=\"noreferrer noopener\">Anna-Riitta Savolainen<\/a><\/td><td><a href=\"https:\/\/www.pdga.com\/player\/30508\" target=\"_blank\" rel=\"noreferrer noopener\">Jenni Anttila<\/a><\/td><\/tr><tr><td class=\"has-text-align-center\" data-align=\"center\">2023<\/td><td><a href=\"https:\/\/www.pdga.com\/player\/103017\" target=\"_blank\" rel=\"noreferrer noopener\">Nina Rajala<\/a><\/td><td><a href=\"https:\/\/www.pdga.com\/player\/55162\" target=\"_blank\" rel=\"noreferrer noopener\">Anna-Riitta Savolainen<\/a><\/td><td><a href=\"https:\/\/www.pdga.com\/player\/73818\" target=\"_blank\" rel=\"noreferrer noopener\">Annemari Lumppio<\/a><\/td><\/tr><\/tbody><\/table><\/figure>\n\n\n\n<p class=\"has-medium-font-size\"><strong>FP50 \/ FPG<\/strong><\/p>\n\n\n\n<figure class=\"wp-block-table is-style-stripes\"><table><thead><tr><th>Vuosi<\/th><th>Sija 1.<\/th><th>Sija 2.<\/th><th>Sija 3.<\/th><\/tr><\/thead><tbody><tr><td>2016<\/td><td><\/td><td><\/td><td><\/td><\/tr><tr><td>2017<\/td><td><a href=\"https:\/\/www.pdga.com\/player\/94253\" target=\"_blank\" rel=\"noreferrer noopener\">Lahja M\u00e4\u00e4tt\u00e4<\/a><\/td><td><\/td><td><\/td><\/tr><tr><td>2018<\/td><td>\ufeff<\/td><td>\ufeff<\/td><td>\ufeff<\/td><\/tr><tr><td>2019<\/td><td><a href=\"https:\/\/www.pdga.com\/player\/91275\" target=\"_blank\" rel=\"noreferrer noopener\">Kirsi Kaikkonen<\/a><\/td><td><a href=\"https:\/\/www.pdga.com\/player\/80292\" target=\"_blank\" rel=\"noreferrer noopener\">Pirjo Hollemo<\/a><\/td><td><a href=\"https:\/\/www.pdga.com\/player\/94253\" target=\"_blank\" rel=\"noreferrer noopener\">Lahja M\u00e4\u00e4tt\u00e4<\/a><br><a href=\"https:\/\/www.pdga.com\/player\/113825\" target=\"_blank\" rel=\"noreferrer noopener\">Sinikka B\u00e4ck<\/a><\/td><\/tr><tr><td>2022<\/td><td><a href=\"https:\/\/www.pdga.com\/player\/73830\" target=\"_blank\" rel=\"noreferrer noopener\">Kristiina Sylman<\/a><\/td><td><a href=\"https:\/\/www.pdga.com\/player\/91275\" target=\"_blank\" rel=\"noreferrer noopener\">Kirsi Kaikkonen<\/a><\/td><td><a href=\"https:\/\/www.pdga.com\/player\/47923\" target=\"_blank\" rel=\"noreferrer noopener\">Nina Kiminki<\/a><\/td><\/tr><tr><td>2023<\/td><td><a href=\"https:\/\/www.pdga.com\/player\/73830\" target=\"_blank\" rel=\"noreferrer noopener\">Kristiina Sylman<\/a><\/td><td><a href=\"https:\/\/www.pdga.com\/player\/91275\" target=\"_blank\" rel=\"noreferrer noopener\">Kirsi Kaikkonen<\/a><\/td><td><a href=\"https:\/\/www.pdga.com\/player\/47923\" target=\"_blank\" rel=\"noreferrer noopener\">Nina Kiminki<\/a><\/td><\/tr><\/tbody><\/table><\/figure>\n\n\n\n<p>\ufeff<\/p>\n\n\n\n<p class=\"has-medium-font-size\"><strong>MP50 \/ <strong>MPG<\/strong><\/strong><\/p>\n\n\n\n<figure class=\"wp-block-table is-style-stripes\"><table><thead><tr><th>Vuosi<\/th><th>Sija 1.<\/th><th>Sija 2.<\/th><th>Sija 3.<\/th><\/tr><\/thead><tbody><tr><td>2016<\/td><td><a href=\"https:\/\/www.pdga.com\/player\/28830\" target=\"_blank\" rel=\"noreferrer noopener\">Kari Vesala<\/a><\/td><td><a href=\"https:\/\/www.pdga.com\/player\/8947\" target=\"_blank\" rel=\"noreferrer noopener\">Ville Kotam\u00e4ki<\/a><\/td><td><a href=\"https:\/\/www.pdga.com\/player\/52038\" target=\"_blank\" rel=\"noreferrer noopener\">Jari Pohjanen<\/a><\/td><\/tr><tr><td>2017<\/td><td><a href=\"https:\/\/www.pdga.com\/player\/8947\" target=\"_blank\" rel=\"noreferrer noopener\">Ville Kotam\u00e4ki<\/a><\/td><td><a href=\"https:\/\/www.pdga.com\/player\/76798\" target=\"_blank\" rel=\"noreferrer noopener\">Janne Sandholm<\/a><\/td><td><a href=\"https:\/\/www.pdga.com\/player\/48907\" target=\"_blank\" rel=\"noreferrer noopener\">Mika Vainio<\/a><\/td><\/tr><tr><td>2018<\/td><td><a href=\"https:\/\/www.pdga.com\/player\/8790\" target=\"_blank\" rel=\"noreferrer noopener\">Jouni Leskinen<\/a><\/td><td><a href=\"https:\/\/www.pdga.com\/player\/8791\" target=\"_blank\" rel=\"noreferrer noopener\">Markku Malo<\/a><\/td><td><a href=\"https:\/\/www.pdga.com\/player\/76798\" target=\"_blank\" rel=\"noreferrer noopener\">Janne Sandholm<\/a><\/td><\/tr><tr><td>2019<\/td><td><a href=\"https:\/\/www.pdga.com\/player\/8947\" target=\"_blank\" rel=\"noreferrer noopener\">Ville Kotam\u00e4ki<\/a><\/td><td><a href=\"https:\/\/www.pdga.com\/player\/8790\" target=\"_blank\" rel=\"noreferrer noopener\">Jouni Leskinen<\/a><\/td><td><a href=\"https:\/\/www.pdga.com\/player\/64036\" target=\"_blank\" rel=\"noreferrer noopener\">Juha Pohjalainen<\/a><\/td><\/tr><tr><td>2022<\/td><td><a href=\"https:\/\/www.pdga.com\/player\/65555\" target=\"_blank\" rel=\"noreferrer noopener\">Mikke Haaranen<\/a><\/td><td><a href=\"https:\/\/www.pdga.com\/player\/27555\" target=\"_blank\" rel=\"noreferrer noopener\">Ville Piippo<\/a><\/td><td><a href=\"https:\/\/www.pdga.com\/player\/8790\" target=\"_blank\" rel=\"noreferrer noopener\">Jouni Leskinen<\/a><\/td><\/tr><tr><td>2023<\/td><td><a rel=\"noreferrer noopener\" href=\"https:\/\/www.pdga.com\/player\/8366\" target=\"_blank\">Ari Penttala<\/a><\/td><td><a rel=\"noreferrer noopener\" href=\"https:\/\/www.pdga.com\/player\/55187\" target=\"_blank\">Erkka Leivo<\/a><\/td><td><a href=\"https:\/\/www.pdga.com\/player\/84774\" target=\"_blank\" rel=\"noreferrer noopener\">Jani Ketonen<\/a><\/td><\/tr><\/tbody><\/table><\/figure>\n\n\n\n<p><\/p>\n\n\n\n<p class=\"has-medium-font-size\"><strong>MP55<\/strong><\/p>\n\n\n\n<figure class=\"wp-block-table is-style-stripes\"><table><thead><tr><th class=\"has-text-align-left\" data-align=\"left\">Vuosi<\/th><th>Sija 1.<\/th><th>Sija 2.<\/th><th>Sija 3.<\/th><\/tr><\/thead><tbody><tr><td class=\"has-text-align-left\" data-align=\"left\">2023<\/td><td><a rel=\"noreferrer noopener\" href=\"https:\/\/www.pdga.com\/player\/90386\" target=\"_blank\">Nina Taronen<\/a><\/td><td><\/td><td><\/td><\/tr><\/tbody><\/table><\/figure>\n\n\n\n<p class=\"has-medium-font-size\"><strong>MP55<\/strong><\/p>\n\n\n\n<figure class=\"wp-block-table is-style-stripes\"><table><thead><tr><th class=\"has-text-align-left\" data-align=\"left\">Vuosi<\/th><th>Sija 1.<\/th><th>Sija 2.<\/th><th>Sija 3.<\/th><\/tr><\/thead><tbody><tr><td class=\"has-text-align-left\" data-align=\"left\">2022<\/td><td><a href=\"https:\/\/www.pdga.com\/player\/76798\" target=\"_blank\" rel=\"noreferrer noopener\">Janne Sandholm<\/a><\/td><td><a href=\"https:\/\/www.pdga.com\/player\/8947\" target=\"_blank\" rel=\"noreferrer noopener\">Ville Kotam\u00e4ki<\/a><\/td><td><a href=\"https:\/\/www.pdga.com\/player\/28830\" target=\"_blank\" rel=\"noreferrer noopener\">Kari Vesala<\/a><\/td><\/tr><tr><td class=\"has-text-align-left\" data-align=\"left\">2023<\/td><td><a href=\"https:\/\/www.pdga.com\/player\/58384\" target=\"_blank\" rel=\"noreferrer noopener\">Marko Rauha<\/a><\/td><td><a href=\"https:\/\/www.pdga.com\/player\/8790\" target=\"_blank\" rel=\"noreferrer noopener\">Jouni Leskinen<\/a><\/td><td><a href=\"https:\/\/www.pdga.com\/player\/110461\" target=\"_blank\" rel=\"noreferrer noopener\">Simo Rantala<\/a><\/td><\/tr><\/tbody><\/table><\/figure>\n\n\n\n<p class=\"has-medium-font-size\"><strong>MP60 \/<\/strong> <strong>MPS<\/strong><\/p>\n\n\n\n<figure class=\"wp-block-table is-style-stripes\"><table><thead><tr><th>Vuosi<\/th><th>Sija 1.<\/th><th>Sija 2.<\/th><th>Sija 3.<\/th><\/tr><\/thead><tbody><tr><td>2016<\/td><td><a href=\"https:\/\/www.pdga.com\/player\/65557\" target=\"_blank\" rel=\"noreferrer noopener\">Rolf Englund<\/a><\/td><td><a href=\"https:\/\/www.pdga.com\/player\/26429\" target=\"_blank\" rel=\"noreferrer noopener\">Jouko Rosenqvist<\/a><\/td><td><a href=\"https:\/\/www.pdga.com\/player\/8776\" target=\"_blank\" rel=\"noreferrer noopener\">G\u00f6ran Nordstr\u00f6m<\/a><\/td><\/tr><tr><td>2017<\/td><td><a href=\"https:\/\/www.pdga.com\/player\/66585\" target=\"_blank\" rel=\"noreferrer noopener\">Matti Alen<\/a><\/td><td><a href=\"https:\/\/www.pdga.com\/player\/48739\" target=\"_blank\" rel=\"noreferrer noopener\">Kauko Laitala<\/a><\/td><td><a href=\"https:\/\/www.pdga.com\/player\/8567\" target=\"_blank\" rel=\"noreferrer noopener\">Markku Tohni<\/a><\/td><\/tr><tr><td>2018<\/td><td><a href=\"https:\/\/www.pdga.com\/player\/8567\" target=\"_blank\" rel=\"noreferrer noopener\">Markku Tohni<\/a><\/td><td><a href=\"https:\/\/www.pdga.com\/player\/90326\" target=\"_blank\" rel=\"noreferrer noopener\">Jouni Pakarinen<\/a><\/td><td><a href=\"https:\/\/www.pdga.com\/player\/81288\" target=\"_blank\" rel=\"noreferrer noopener\">Markku Kuparinen<\/a><br><a href=\"https:\/\/www.pdga.com\/player\/80457\" target=\"_blank\" rel=\"noreferrer noopener\">Jukka Toikka<\/a><\/td><\/tr><tr><td>2019<\/td><td><a href=\"https:\/\/www.pdga.com\/player\/66585\" target=\"_blank\" rel=\"noreferrer noopener\">Matti Alen<\/a><\/td><td><a href=\"https:\/\/www.pdga.com\/player\/8567\" target=\"_blank\" rel=\"noreferrer noopener\">Markku Tohni<\/a><\/td><td><a rel=\"noreferrer noopener\" href=\"https:\/\/www.pdga.com\/player\/48739\" target=\"_blank\">Kauko Laitala<\/a><\/td><\/tr><tr><td>2022<\/td><td><a href=\"https:\/\/www.pdga.com\/player\/64036\" target=\"_blank\" rel=\"noreferrer noopener\">Juha Pohjalainen<\/a><\/td><td><a href=\"https:\/\/www.pdga.com\/player\/35550\" target=\"_blank\" rel=\"noreferrer noopener\">Risto Moisanen<\/a><\/td><td><a href=\"https:\/\/www.pdga.com\/player\/94252\" target=\"_blank\" rel=\"noreferrer noopener\">Raimo M\u00e4\u00e4tt\u00e4<\/a><\/td><\/tr><tr><td>2023<\/td><td><a href=\"https:\/\/www.pdga.com\/player\/8947\" target=\"_blank\" rel=\"noreferrer noopener\">Ville Kotam\u00e4ki<\/a><\/td><td><a rel=\"noreferrer noopener\" href=\"https:\/\/www.pdga.com\/player\/64036\" target=\"_blank\">Juha Pohjalainen<\/a><\/td><td><a href=\"https:\/\/www.pdga.com\/player\/8954\" target=\"_blank\" rel=\"noreferrer noopener\">Jari V\u00e4yrynen<\/a><\/td><\/tr><\/tbody><\/table><\/figure>\n\n\n\n<p class=\"has-medium-font-size\"><strong>FP60<\/strong><\/p>\n\n\n\n<figure class=\"wp-block-table is-style-stripes\"><table><thead><tr><th class=\"has-text-align-left\" data-align=\"left\">Vuosi<\/th><th class=\"has-text-align-left\" data-align=\"left\">Sija 1.<\/th><th class=\"has-text-align-left\" data-align=\"left\">Sija 2.<\/th><th>Sija 3.<\/th><\/tr><\/thead><tbody><tr><td class=\"has-text-align-left\" data-align=\"left\">2016<\/td><td class=\"has-text-align-left\" data-align=\"left\"><\/td><td class=\"has-text-align-left\" data-align=\"left\">\ufeff<\/td><td>\ufeff<\/td><\/tr><tr><td class=\"has-text-align-left\" data-align=\"left\">2017<\/td><td class=\"has-text-align-left\" data-align=\"left\">\ufeff<\/td><td class=\"has-text-align-left\" data-align=\"left\">\ufeff<\/td><td>\ufeff<\/td><\/tr><tr><td class=\"has-text-align-left\" data-align=\"left\">2018<\/td><td class=\"has-text-align-left\" data-align=\"left\">\ufeff<\/td><td class=\"has-text-align-left\" data-align=\"left\">\ufeff<\/td><td>\ufeff<\/td><\/tr><tr><td class=\"has-text-align-left\" data-align=\"left\">2019<\/td><td class=\"has-text-align-left\" data-align=\"left\">\ufeff<\/td><td class=\"has-text-align-left\" data-align=\"left\">\ufeff<\/td><td>\ufeff<\/td><\/tr><tr><td class=\"has-text-align-left\" data-align=\"left\">2022<\/td><td class=\"has-text-align-left\" data-align=\"left\"><a href=\"https:\/\/www.pdga.com\/player\/94253\">Lahja M\u00e4\u00e4tt\u00e4<\/a><\/td><td class=\"has-text-align-left\" data-align=\"left\"><a href=\"https:\/\/www.pdga.com\/player\/108923\">Talvikki Aalto<\/a><\/td><td>\ufeff<\/td><\/tr><tr><td class=\"has-text-align-left\" data-align=\"left\">2023<\/td><td class=\"has-text-align-left\" data-align=\"left\">\ufeff<\/td><td class=\"has-text-align-left\" data-align=\"left\">\ufeff<\/td><td>\ufeff<\/td><\/tr><\/tbody><\/table><\/figure>\n\n\n\n<p class=\"has-medium-font-size\"><strong>MP65<\/strong><\/p>\n\n\n\n<figure class=\"wp-block-table is-style-stripes\"><table><thead><tr><th>Vuosi<\/th><th>Sija 1.<\/th><th>Sija 2.<\/th><th>Sija 3.<\/th><\/tr><\/thead><tbody><tr><td>2016<\/td><td>\ufeff<\/td><td>\ufeff<\/td><td>\ufeff<\/td><\/tr><tr><td>2017<\/td><td>\ufeff<\/td><td>\ufeff<\/td><td>\ufeff<\/td><\/tr><tr><td>2018<\/td><td>\ufeff<\/td><td>\ufeff<\/td><td>\ufeff<\/td><\/tr><tr><td>2019<\/td><td>\ufeff<\/td><td>\ufeff<\/td><td>\ufeff<\/td><\/tr><tr><td>2022<\/td><td><a href=\"https:\/\/www.pdga.com\/player\/81288\" target=\"_blank\" rel=\"noreferrer noopener\">Markku Kuparinen<\/a><\/td><td><a href=\"https:\/\/www.pdga.com\/player\/8386\" target=\"_blank\" rel=\"noreferrer noopener\">Bj\u00f6rn Lindholm<\/a><\/td><td><a href=\"https:\/\/www.pdga.com\/player\/212256\" target=\"_blank\" rel=\"noreferrer noopener\">Jussi Varho<\/a><\/td><\/tr><tr><td>2023<\/td><td><a href=\"https:\/\/www.pdga.com\/player\/66585\" target=\"_blank\" rel=\"noreferrer noopener\">Matti Alen<\/a><\/td><td><a href=\"https:\/\/www.pdga.com\/player\/81288\" target=\"_blank\" rel=\"noreferrer noopener\">Markku Kuparinen<\/a><\/td><td>\ufeff<\/td><\/tr><\/tbody><\/table><\/figure>\n\n\n\n<p><\/p>\n\n\n\n<p class=\"has-medium-font-size\"><strong>FP70<\/strong><\/p>\n\n\n\n<figure class=\"wp-block-table is-style-stripes\"><table><thead><tr><th>Vuosi<\/th><th>Sija 1.<\/th><th>Sija 2.<\/th><th>Sija 3.<\/th><\/tr><\/thead><tbody><tr><td>2023<\/td><td><a rel=\"noreferrer noopener\" href=\"https:\/\/www.pdga.com\/player\/70691\" target=\"_blank\">Tuire Lepp\u00e4nen<\/a><\/td><td><\/td><td><\/td><\/tr><\/tbody><\/table><\/figure>\n\n\n\n<p><\/p>\n\n\n\n<p class=\"has-medium-font-size\"><strong>MP70 \/ MPL<\/strong><\/p>\n\n\n\n<figure class=\"wp-block-table is-style-stripes\"><table><thead><tr><th>Vuosi<\/th><th>Sija 1.<\/th><th>Sija 2.<\/th><th>Sija 3.<\/th><\/tr><\/thead><tbody><tr><td>2016<\/td><td><a href=\"https:\/\/www.pdga.com\/player\/83970\" target=\"_blank\" rel=\"noreferrer noopener\">Veikko Vettenranta<\/a><\/td><td><a href=\"https:\/\/www.pdga.com\/player\/84790\" target=\"_blank\" rel=\"noreferrer noopener\">Jorma Lehtamo<\/a><\/td><td><\/td><\/tr><tr><td>2017<\/td><td><a rel=\"noreferrer noopener\" href=\"https:\/\/www.pdga.com\/player\/80249\" target=\"_blank\">Keijo Koskelainen<\/a><\/td><td>\ufeff<\/td><td>\ufeff<\/td><\/tr><tr><td>2018<\/td><td><a href=\"https:\/\/www.pdga.com\/player\/81155\" target=\"_blank\" rel=\"noreferrer noopener\">Anton Letner<\/a><\/td><td><a href=\"https:\/\/www.pdga.com\/player\/8776\" target=\"_blank\" rel=\"noreferrer noopener\">G\u00f6ran Nordstr\u00f6m<\/a><\/td><td><a href=\"https:\/\/www.pdga.com\/player\/90325\" target=\"_blank\" rel=\"noreferrer noopener\">Ossi Kataja<\/a><\/td><\/tr><tr><td>2019<\/td><td>\ufeff<\/td><td>\ufeff<\/td><td>\ufeff<\/td><\/tr><tr><td>2022<\/td><td><a href=\"https:\/\/www.pdga.com\/player\/8567\" target=\"_blank\" rel=\"noreferrer noopener\">Markku Tohni<\/a><\/td><td><a href=\"https:\/\/www.pdga.com\/player\/202034\" target=\"_blank\" rel=\"noreferrer noopener\">Jauri Haarla<\/a><\/td><td><a href=\"https:\/\/www.pdga.com\/player\/80457\" target=\"_blank\" rel=\"noreferrer noopener\">Jukka Toikka<\/a><\/td><\/tr><tr><td>2023<\/td><td><a href=\"https:\/\/www.pdga.com\/player\/132917\" target=\"_blank\" rel=\"noreferrer noopener\">Per-Erik Maukkonen<\/a><\/td><td><a href=\"https:\/\/www.pdga.com\/player\/202034\" target=\"_blank\" rel=\"noreferrer noopener\">Jauri Haarla<\/a><\/td><td><a href=\"https:\/\/www.pdga.com\/player\/58592\" target=\"_blank\" rel=\"noreferrer noopener\">Eero Puhakka<\/a><br><a href=\"https:\/\/www.pdga.com\/player\/8567\" target=\"_blank\" rel=\"noreferrer noopener\">Markku Tohni<\/a><\/td><\/tr><\/tbody><\/table><\/figure>\n\n\n\n<p>\ufeff<\/p>\n","protected":false},"excerpt":{"rendered":"<p>T\u00e4m\u00e4n sivun tiedot ja linkit on poimittu PDGA.com, kisakone ja Disc Golf Metrix Spring Masters &#8211; Kaatis\/Vihti kilpailusivuilta. Vuosi Nimi TD Apu-TD(t) PDGA 2016 Spring Masters 2016 Jyrki Enqvist \ufeff LINKKI 2017 Spring Masters Kaatis Jyrki Enqvist \ufeff LINKKI 2018 Spring Masters Kaatis Jyrki Enqvist LINKKI 2019 Spring Masters Kaatis Miikka Saturi Ville Kotam\u00e4ki LINKKI &hellip; <a href=\"https:\/\/www.nummelanfrisbeeseura.com\/kotisivut\/all-time-spring-masters-kaatis-vihti\/\" class=\"more-link\">Jatka lukemista <span class=\"screen-reader-text\">All time Spring Masters Kaatis \/ Vihti<\/span> <span class=\"meta-nav\">&rarr;<\/span><\/a><\/p>\n","protected":false},"author":3,"featured_media":0,"parent":0,"menu_order":0,"comment_status":"closed","ping_status":"closed","template":"","meta":{"_bbp_topic_count":0,"_bbp_reply_count":0,"_bbp_total_topic_count":0,"_bbp_total_reply_count":0,"_bbp_voice_count":0,"_bbp_anonymous_reply_count":0,"_bbp_topic_count_hidden":0,"_bbp_reply_count_hidden":0,"_bbp_forum_subforum_count":0,"jetpack_post_was_ever_published":false,"footnotes":""},"class_list":["post-1951","page","type-page","status-publish","hentry"],"jetpack_sharing_enabled":true,"jetpack_shortlink":"https:\/\/wp.me\/P8w7cz-vt","jetpack-related-posts":[],"_links":{"self":[{"href":"https:\/\/www.nummelanfrisbeeseura.com\/kotisivut\/wp-json\/wp\/v2\/pages\/1951","targetHints":{"allow":["GET"]}}],"collection":[{"href":"https:\/\/www.nummelanfrisbeeseura.com\/kotisivut\/wp-json\/wp\/v2\/pages"}],"about":[{"href":"https:\/\/www.nummelanfrisbeeseura.com\/kotisivut\/wp-json\/wp\/v2\/types\/page"}],"author":[{"embeddable":true,"href":"https:\/\/www.nummelanfrisbeeseura.com\/kotisivut\/wp-json\/wp\/v2\/users\/3"}],"replies":[{"embeddable":true,"href":"https:\/\/www.nummelanfrisbeeseura.com\/kotisivut\/wp-json\/wp\/v2\/comments?post=1951"}],"version-history":[{"count":8,"href":"https:\/\/www.nummelanfrisbeeseura.com\/kotisivut\/wp-json\/wp\/v2\/pages\/1951\/revisions"}],"predecessor-version":[{"id":2177,"href":"https:\/\/www.nummelanfrisbeeseura.com\/kotisivut\/wp-json\/wp\/v2\/pages\/1951\/revisions\/2177"}],"wp:attachment":[{"href":"https:\/\/www.nummelanfrisbeeseura.com\/kotisivut\/wp-json\/wp\/v2\/media?parent=1951"}],"curies":[{"name":"wp","href":"https:\/\/api.w.org\/{rel}","templated":true}]}}