{"id":2,"date":"2017-03-16T12:07:00","date_gmt":"2017-03-16T12:07:00","guid":{"rendered":"http:\/\/www.nummelanfrisbeeseura.com\/kotisivut\/?page_id=2"},"modified":"2022-09-17T13:16:09","modified_gmt":"2022-09-17T11:16:09","slug":"about","status":"publish","type":"page","link":"https:\/\/www.nummelanfrisbeeseura.com\/kotisivut\/","title":{"rendered":"Nummelan Frisbeeseura (NFS)"},"content":{"rendered":"\n<p><strong>on Vihtiin 1.6.2006 perustettu rekister\u00f6ity yhdistys.<\/strong><\/p>\n\n\n\n<p>Seuran tarkoituksena on tukea, edist\u00e4\u00e4 ja kehitt\u00e4\u00e4 paikallista frisbeeurheilu- ja harrastustoimintaa.<\/p>\n\n\n\n<p>Seura j\u00e4rjest\u00e4\u00e4 kilpailuja ja osallistuu paikallisten frisbeegolfratojen kehitt\u00e4miseen ja kunnossapitoon.<\/p>\n\n\n\n<p>Nummelan Frisbeeseura kuuluu j\u00e4senm\u00e4\u00e4r\u00e4lt\u00e4\u00e4n Suomen suurimpiin frisbeeseuroihin. <\/p>\n\n\n\n<p>J\u00e4seneksi ovat tervetulleita kaikki, jotka hyv\u00e4ksyv\u00e4t yhdistyksen tarkoituksen ja s\u00e4\u00e4nn\u00f6t.<\/p>\n\n\n\n<p>www -sivujen lis\u00e4ksi l\u00f6ydymme muissakin sosiaalisen median kanavissa \ud83d\ude42<\/p>\n\n\n\n<p><strong>Facebook: <br>Nummelan frisbeeseura<\/strong> &#8211; meid\u00e4n virallinen facebook sivusto<br><strong>Vihdin Frisbeegolf<\/strong> &#8211; Vapaa keskustelua Vihdin frisbeegolfista<\/p>\n\n\n\n<p>Faccebookista l\u00f6ytyv\u00e4t my\u00f6s Kaatis, Harju ja Pajuniitty, mutta niiden osalta ollaan tekem\u00e4ss\u00e4 yhten\u00e4ist\u00e4mist\u00e4.<\/p>\n\n\n\n<p>Lis\u00e4ksi avaamme l\u00f6yt\u00f6kiekkojen osalta oman facebook kanavan.<br><br><strong>Instagram:<br><\/strong>nummelan_frisbeeseura<\/p>\n\n\n\n<p><strong>Youtube:<br><\/strong>Nummelan frisbeeseura<\/p>\n\n\n\n<p>Ensisijaisesti teemme uutisen www -sivuille ja jaamme niit\u00e4 sitten eri kanavissa.<\/p>\n\n\n\n<figure class=\"wp-block-embed is-type-video is-provider-youtube wp-block-embed-youtube wp-embed-aspect-16-9 wp-has-aspect-ratio\"><div class=\"wp-block-embed__wrapper\">\n<iframe loading=\"lazy\" title=\"Frisbeegolfkentt\u00e4 Kaatis - Ykk\u00f6sakseli\" width=\"474\" height=\"267\" src=\"https:\/\/www.youtube.com\/embed\/6EJc4nEiyVo?feature=oembed\" frameborder=\"0\" allow=\"accelerometer; autoplay; clipboard-write; encrypted-media; gyroscope; picture-in-picture; web-share\" referrerpolicy=\"strict-origin-when-cross-origin\" allowfullscreen><\/iframe>\n<\/div><\/figure>\n\n\n\n<p><strong>Keskustelupalsta<\/strong><\/p>\n\n\n\n<p>Ajankohtaisia asioita voi lukea seuran keskustelufoorumilta. J\u00e4senille on foorumilla my\u00f6s oma keskustelualue.<\/p>\n\n\n\n<p><strong><img data-recalc-dims=\"1\" loading=\"lazy\" decoding=\"async\" class=\"\" src=\"https:\/\/i0.wp.com\/www.nummelanfrisbeeseura.com\/kuvia\/chat.png?resize=38%2C37\" width=\"38\" height=\"37\"><\/strong><strong>&nbsp;&nbsp;<\/strong><a href=\"https:\/\/www.nummelanfrisbeeseura.com\/kotisivut\/community\/\"><strong>NFS keskusteluforum<\/strong><\/a><\/p>\n\n\n\n<p><strong>Vihdin alueen frisbeegolf Facebookissa<\/strong><\/p>\n\n\n\n<p><strong><img data-recalc-dims=\"1\" loading=\"lazy\" decoding=\"async\" class=\"\" src=\"https:\/\/i0.wp.com\/www.nummelanfrisbeeseura.com\/kuvia\/fb.png?resize=36%2C36\" width=\"36\" height=\"36\">&nbsp;&nbsp;<a href=\"https:\/\/www.facebook.com\/groups\/58590686616\/\">Vihdin Frisbeegolf<\/a><\/strong><\/p>\n\n\n\n<p><strong><img data-recalc-dims=\"1\" loading=\"lazy\" decoding=\"async\" class=\"\" src=\"https:\/\/i0.wp.com\/www.nummelanfrisbeeseura.com\/kuvia\/fb.png?resize=36%2C36\" width=\"36\" height=\"36\"><\/strong><strong>&nbsp;&nbsp;<\/strong><a href=\"https:\/\/www.facebook.com\/groups\/407732282741603\/\"><strong>Frisbeegolfseuraa Vihti<\/strong><\/a><\/p>\n","protected":false},"excerpt":{"rendered":"<p>on Vihtiin 1.6.2006 perustettu rekister\u00f6ity yhdistys. Seuran tarkoituksena on tukea, edist\u00e4\u00e4 ja kehitt\u00e4\u00e4 paikallista frisbeeurheilu- ja harrastustoimintaa. Seura j\u00e4rjest\u00e4\u00e4 kilpailuja ja osallistuu paikallisten frisbeegolfratojen kehitt\u00e4miseen ja kunnossapitoon. Nummelan Frisbeeseura kuuluu j\u00e4senm\u00e4\u00e4r\u00e4lt\u00e4\u00e4n Suomen suurimpiin frisbeeseuroihin. J\u00e4seneksi ovat tervetulleita kaikki, jotka hyv\u00e4ksyv\u00e4t yhdistyksen tarkoituksen ja s\u00e4\u00e4nn\u00f6t. www -sivujen lis\u00e4ksi l\u00f6ydymme muissakin sosiaalisen median kanavissa \ud83d\ude42 Facebook: Nummelan &hellip; <a href=\"https:\/\/www.nummelanfrisbeeseura.com\/kotisivut\/\" class=\"more-link\">Jatka lukemista <span class=\"screen-reader-text\">Nummelan Frisbeeseura (NFS)<\/span> <span class=\"meta-nav\">&rarr;<\/span><\/a><\/p>\n","protected":false},"author":1,"featured_media":0,"parent":0,"menu_order":0,"comment_status":"closed","ping_status":"closed","template":"","meta":{"_bbp_topic_count":0,"_bbp_reply_count":0,"_bbp_total_topic_count":0,"_bbp_total_reply_count":0,"_bbp_voice_count":0,"_bbp_anonymous_reply_count":0,"_bbp_topic_count_hidden":0,"_bbp_reply_count_hidden":0,"_bbp_forum_subforum_count":0,"jetpack_post_was_ever_published":false,"footnotes":""},"class_list":["post-2","page","type-page","status-publish","hentry"],"jetpack_sharing_enabled":true,"jetpack_shortlink":"https:\/\/wp.me\/P8w7cz-2","jetpack-related-posts":[],"_links":{"self":[{"href":"https:\/\/www.nummelanfrisbeeseura.com\/kotisivut\/wp-json\/wp\/v2\/pages\/2","targetHints":{"allow":["GET"]}}],"collection":[{"href":"https:\/\/www.nummelanfrisbeeseura.com\/kotisivut\/wp-json\/wp\/v2\/pages"}],"about":[{"href":"https:\/\/www.nummelanfrisbeeseura.com\/kotisivut\/wp-json\/wp\/v2\/types\/page"}],"author":[{"embeddable":true,"href":"https:\/\/www.nummelanfrisbeeseura.com\/kotisivut\/wp-json\/wp\/v2\/users\/1"}],"replies":[{"embeddable":true,"href":"https:\/\/www.nummelanfrisbeeseura.com\/kotisivut\/wp-json\/wp\/v2\/comments?post=2"}],"version-history":[{"count":21,"href":"https:\/\/www.nummelanfrisbeeseura.com\/kotisivut\/wp-json\/wp\/v2\/pages\/2\/revisions"}],"predecessor-version":[{"id":1845,"href":"https:\/\/www.nummelanfrisbeeseura.com\/kotisivut\/wp-json\/wp\/v2\/pages\/2\/revisions\/1845"}],"wp:attachment":[{"href":"https:\/\/www.nummelanfrisbeeseura.com\/kotisivut\/wp-json\/wp\/v2\/media?parent=2"}],"curies":[{"name":"wp","href":"https:\/\/api.w.org\/{rel}","templated":true}]}}