{"id":2305,"date":"2023-06-12T19:40:02","date_gmt":"2023-06-12T17:40:02","guid":{"rendered":"https:\/\/www.nummelanfrisbeeseura.com\/kotisivut\/?page_id=2305"},"modified":"2025-09-23T19:09:48","modified_gmt":"2025-09-23T17:09:48","slug":"nfs-logot","status":"publish","type":"page","link":"https:\/\/www.nummelanfrisbeeseura.com\/kotisivut\/nfs-logot\/","title":{"rendered":"NFS logot"},"content":{"rendered":"\n<p class=\"has-medium-font-size\"><a rel=\"noreferrer noopener\" href=\"https:\/\/www.nummelanfrisbeeseura.com\/kotisivut\/wp-content\/uploads\/2023\/06\/NFS-Log-Red-Black-White-v2-PDF.pdf\" target=\"_blank\">NFS logo v\u00e4rillinen PDF<\/a><\/p>\n\n\n\n<p class=\"has-medium-font-size\"><a href=\"https:\/\/www.nummelanfrisbeeseura.com\/kotisivut\/wp-content\/uploads\/2023\/06\/NFS-Logo-Red-Black-White-PNG-W-BG-v2.png\" target=\"_blank\" rel=\"noreferrer noopener\">NFS logo v\u00e4rillinen PNG valkoinen tausta<\/a><\/p>\n\n\n\n<p class=\"has-medium-font-size\"><a href=\"https:\/\/www.nummelanfrisbeeseura.com\/kotisivut\/wp-content\/uploads\/2023\/06\/NFS-Logo-Red-Black-White-PNG-T-BG-v2.png\" target=\"_blank\" rel=\"noreferrer noopener\">NFS logo v\u00e4rillinen PNG transparent<\/a><\/p>\n\n\n\n<p class=\"has-medium-font-size\"><a href=\"https:\/\/www.nummelanfrisbeeseura.com\/kotisivut\/wp-content\/uploads\/2023\/06\/NFS-Logo-Black-and-white-v2-PDF.pdf\" target=\"_blank\" rel=\"noreferrer noopener\">NFS logo musta-valkoinen PDF<\/a><\/p>\n\n\n\n<p class=\"has-medium-font-size\"><a href=\"https:\/\/www.nummelanfrisbeeseura.com\/kotisivut\/wp-content\/uploads\/2023\/06\/NFS-Logo-Black-White-PNG-W-BG-v2.png\" target=\"_blank\" rel=\"noreferrer noopener\">NFS logo musta-valkoinen PNG valkoinen tausta<\/a><\/p>\n\n\n\n<p class=\"has-medium-font-size\"><a href=\"https:\/\/www.nummelanfrisbeeseura.com\/kotisivut\/wp-content\/uploads\/2023\/06\/NFS-Logo-Black-White-PNG-T-BG-v2.png\" target=\"_blank\" rel=\"noreferrer noopener\">NFS logo musta-valkoinen PNG transparent<\/a><\/p>\n","protected":false},"excerpt":{"rendered":"<p>NFS logo v\u00e4rillinen PDF NFS logo v\u00e4rillinen PNG valkoinen tausta NFS logo v\u00e4rillinen PNG transparent NFS logo musta-valkoinen PDF NFS logo musta-valkoinen PNG valkoinen tausta NFS logo musta-valkoinen PNG transparent<\/p>\n","protected":false},"author":3,"featured_media":0,"parent":0,"menu_order":0,"comment_status":"closed","ping_status":"closed","template":"","meta":{"_bbp_topic_count":0,"_bbp_reply_count":0,"_bbp_total_topic_count":0,"_bbp_total_reply_count":0,"_bbp_voice_count":0,"_bbp_anonymous_reply_count":0,"_bbp_topic_count_hidden":0,"_bbp_reply_count_hidden":0,"_bbp_forum_subforum_count":0,"jetpack_post_was_ever_published":false,"footnotes":""},"class_list":["post-2305","page","type-page","status-publish","hentry"],"jetpack_sharing_enabled":true,"jetpack_shortlink":"https:\/\/wp.me\/P8w7cz-Bb","jetpack-related-posts":[],"_links":{"self":[{"href":"https:\/\/www.nummelanfrisbeeseura.com\/kotisivut\/wp-json\/wp\/v2\/pages\/2305","targetHints":{"allow":["GET"]}}],"collection":[{"href":"https:\/\/www.nummelanfrisbeeseura.com\/kotisivut\/wp-json\/wp\/v2\/pages"}],"about":[{"href":"https:\/\/www.nummelanfrisbeeseura.com\/kotisivut\/wp-json\/wp\/v2\/types\/page"}],"author":[{"embeddable":true,"href":"https:\/\/www.nummelanfrisbeeseura.com\/kotisivut\/wp-json\/wp\/v2\/users\/3"}],"replies":[{"embeddable":true,"href":"https:\/\/www.nummelanfrisbeeseura.com\/kotisivut\/wp-json\/wp\/v2\/comments?post=2305"}],"version-history":[{"count":4,"href":"https:\/\/www.nummelanfrisbeeseura.com\/kotisivut\/wp-json\/wp\/v2\/pages\/2305\/revisions"}],"predecessor-version":[{"id":3443,"href":"https:\/\/www.nummelanfrisbeeseura.com\/kotisivut\/wp-json\/wp\/v2\/pages\/2305\/revisions\/3443"}],"wp:attachment":[{"href":"https:\/\/www.nummelanfrisbeeseura.com\/kotisivut\/wp-json\/wp\/v2\/media?parent=2305"}],"curies":[{"name":"wp","href":"https:\/\/api.w.org\/{rel}","templated":true}]}}