{"id":2335,"date":"2023-07-10T14:44:48","date_gmt":"2023-07-10T12:44:48","guid":{"rendered":"https:\/\/www.nummelanfrisbeeseura.com\/kotisivut\/evastekaytanto-eu\/"},"modified":"2023-07-10T14:44:52","modified_gmt":"2023-07-10T12:44:52","slug":"evastekaytanto-eu","status":"publish","type":"page","link":"https:\/\/www.nummelanfrisbeeseura.com\/kotisivut\/evastekaytanto-eu\/","title":{"rendered":"Ev\u00e4stek\u00e4yt\u00e4nt\u00f6 (EU)"},"content":{"rendered":"","protected":false},"excerpt":{"rendered":"","protected":false},"author":3,"featured_media":0,"parent":0,"menu_order":0,"comment_status":"closed","ping_status":"closed","template":"","meta":{"_bbp_topic_count":0,"_bbp_reply_count":0,"_bbp_total_topic_count":0,"_bbp_total_reply_count":0,"_bbp_voice_count":0,"_bbp_anonymous_reply_count":0,"_bbp_topic_count_hidden":0,"_bbp_reply_count_hidden":0,"_bbp_forum_subforum_count":0,"jetpack_post_was_ever_published":false,"footnotes":""},"class_list":["post-2335","page","type-page","status-publish","hentry"],"jetpack_sharing_enabled":true,"jetpack_shortlink":"https:\/\/wp.me\/P8w7cz-BF","jetpack-related-posts":[],"_links":{"self":[{"href":"https:\/\/www.nummelanfrisbeeseura.com\/kotisivut\/wp-json\/wp\/v2\/pages\/2335","targetHints":{"allow":["GET"]}}],"collection":[{"href":"https:\/\/www.nummelanfrisbeeseura.com\/kotisivut\/wp-json\/wp\/v2\/pages"}],"about":[{"href":"https:\/\/www.nummelanfrisbeeseura.com\/kotisivut\/wp-json\/wp\/v2\/types\/page"}],"author":[{"embeddable":true,"href":"https:\/\/www.nummelanfrisbeeseura.com\/kotisivut\/wp-json\/wp\/v2\/users\/3"}],"replies":[{"embeddable":true,"href":"https:\/\/www.nummelanfrisbeeseura.com\/kotisivut\/wp-json\/wp\/v2\/comments?post=2335"}],"version-history":[{"count":1,"href":"https:\/\/www.nummelanfrisbeeseura.com\/kotisivut\/wp-json\/wp\/v2\/pages\/2335\/revisions"}],"predecessor-version":[{"id":2336,"href":"https:\/\/www.nummelanfrisbeeseura.com\/kotisivut\/wp-json\/wp\/v2\/pages\/2335\/revisions\/2336"}],"wp:attachment":[{"href":"https:\/\/www.nummelanfrisbeeseura.com\/kotisivut\/wp-json\/wp\/v2\/media?parent=2335"}],"curies":[{"name":"wp","href":"https:\/\/api.w.org\/{rel}","templated":true}]}}