{"id":3155,"date":"2024-09-28T19:22:55","date_gmt":"2024-09-28T17:22:55","guid":{"rendered":"https:\/\/www.nummelanfrisbeeseura.com\/kotisivut\/?page_id=3155"},"modified":"2024-09-28T19:22:57","modified_gmt":"2024-09-28T17:22:57","slug":"sfl-jasenpalvelut-ja-edut","status":"publish","type":"page","link":"https:\/\/www.nummelanfrisbeeseura.com\/kotisivut\/sfl-jasenpalvelut-ja-edut\/","title":{"rendered":"SFL J\u00e4senpalvelut ja -edut"},"content":{"rendered":"\n<p>Suomen frisbeegolfliitto ry:n j\u00e4senpalvelut ja edut j\u00e4senseuroille ja heid\u00e4n j\u00e4senille tuorein lista l\u00f6ytyy liiton <a href=\"https:\/\/frisbeegolfliitto.fi\/jasenpalvelut\/\" target=\"_blank\" rel=\"noreferrer noopener\">J\u00e4senpalvelut ja -edut sivuilta<\/a><\/p>\n\n\n\n<p><strong>Nostoja 2024 vuoden j\u00e4senille suunnatuista eduista:<\/strong><\/p>\n\n\n\n<ul class=\"wp-block-list\">\n<li>Fysiikkakoutsi PRO -valmennusohjelma *<\/li>\n\n\n\n<li>Kompressiobr\u00e4ndi Tritanium Finlandin tuotteet *<\/li>\n\n\n\n<li>Upsi Blac-vuositilaus *<\/li>\n\n\n\n<li>UDisc Pro -vuositilaus *<\/li>\n\n\n\n<li>Mysuncon aurinkolasit<\/li>\n<\/ul>\n\n\n\n<p>* Alennuskoodia voi kysell\u00e4 pj@nummelanfrisbeeseura.com ja ehtona on, ett\u00e4 olet Nummelan frisbeeseura ry:n j\u00e4sen 2024 (Eli j\u00e4senmaksu on maksettu)<\/p>\n","protected":false},"excerpt":{"rendered":"<p>Suomen frisbeegolfliitto ry:n j\u00e4senpalvelut ja edut j\u00e4senseuroille ja heid\u00e4n j\u00e4senille tuorein lista l\u00f6ytyy liiton J\u00e4senpalvelut ja -edut sivuilta Nostoja 2024 vuoden j\u00e4senille suunnatuista eduista: * Alennuskoodia voi kysell\u00e4 pj@nummelanfrisbeeseura.com ja ehtona on, ett\u00e4 olet Nummelan frisbeeseura ry:n j\u00e4sen 2024 (Eli j\u00e4senmaksu on maksettu)<\/p>\n","protected":false},"author":3,"featured_media":0,"parent":0,"menu_order":0,"comment_status":"closed","ping_status":"closed","template":"","meta":{"_bbp_topic_count":0,"_bbp_reply_count":0,"_bbp_total_topic_count":0,"_bbp_total_reply_count":0,"_bbp_voice_count":0,"_bbp_anonymous_reply_count":0,"_bbp_topic_count_hidden":0,"_bbp_reply_count_hidden":0,"_bbp_forum_subforum_count":0,"jetpack_post_was_ever_published":false,"footnotes":""},"class_list":["post-3155","page","type-page","status-publish","hentry"],"jetpack_sharing_enabled":true,"jetpack_shortlink":"https:\/\/wp.me\/P8w7cz-OT","jetpack-related-posts":[],"_links":{"self":[{"href":"https:\/\/www.nummelanfrisbeeseura.com\/kotisivut\/wp-json\/wp\/v2\/pages\/3155","targetHints":{"allow":["GET"]}}],"collection":[{"href":"https:\/\/www.nummelanfrisbeeseura.com\/kotisivut\/wp-json\/wp\/v2\/pages"}],"about":[{"href":"https:\/\/www.nummelanfrisbeeseura.com\/kotisivut\/wp-json\/wp\/v2\/types\/page"}],"author":[{"embeddable":true,"href":"https:\/\/www.nummelanfrisbeeseura.com\/kotisivut\/wp-json\/wp\/v2\/users\/3"}],"replies":[{"embeddable":true,"href":"https:\/\/www.nummelanfrisbeeseura.com\/kotisivut\/wp-json\/wp\/v2\/comments?post=3155"}],"version-history":[{"count":1,"href":"https:\/\/www.nummelanfrisbeeseura.com\/kotisivut\/wp-json\/wp\/v2\/pages\/3155\/revisions"}],"predecessor-version":[{"id":3156,"href":"https:\/\/www.nummelanfrisbeeseura.com\/kotisivut\/wp-json\/wp\/v2\/pages\/3155\/revisions\/3156"}],"wp:attachment":[{"href":"https:\/\/www.nummelanfrisbeeseura.com\/kotisivut\/wp-json\/wp\/v2\/media?parent=3155"}],"curies":[{"name":"wp","href":"https:\/\/api.w.org\/{rel}","templated":true}]}}