{"id":324,"date":"2019-11-16T19:01:41","date_gmt":"2019-11-16T19:01:41","guid":{"rendered":"http:\/\/www.nummelanfrisbeeseura.com\/kotisivut\/community\/"},"modified":"2020-07-04T19:19:29","modified_gmt":"2020-07-04T17:19:29","slug":"community","status":"publish","type":"page","link":"https:\/\/www.nummelanfrisbeeseura.com\/kotisivut\/community\/","title":{"rendered":"Forum"},"content":{"rendered":"\n\n<div id=\"bbpress-forums\" class=\"bbpress-wrapper\">\n\n\t\n\t<div class=\"bbp-search-form\">\n\t\t<form role=\"search\" method=\"get\" id=\"bbp-search-form\">\n\t\t\t<div>\n\t\t\t\t<label class=\"screen-reader-text hidden\" for=\"bbp_search\">Etsi:<\/label>\n\t\t\t\t<input type=\"hidden\" name=\"action\" value=\"bbp-search-request\" \/>\n\t\t\t\t<input type=\"text\" value=\"\" name=\"bbp_search\" id=\"bbp_search\" \/>\n\t\t\t\t<input class=\"button\" type=\"submit\" id=\"bbp_search_submit\" value=\"Etsi\" \/>\n\t\t\t<\/div>\n\t\t<\/form>\n\t<\/div>\n\n\n\t<div class=\"bbp-breadcrumb\"><p><a href=\"https:\/\/www.nummelanfrisbeeseura.com\/kotisivut\" class=\"bbp-breadcrumb-home\"><span class=\"bsp-home-icon\"><\/span><\/a> <span class=\"bbp-breadcrumb-sep\">&rsaquo;<\/span> <span class=\"bbp-breadcrumb-current\">Foorumit<\/span><\/p><\/div>\n\t\n\t\n\t\n\t\t\n<ul id=\"forums-list-0\" class=\"bbp-forums\">\n\n\t<li class=\"bbp-header\">\n\n\t\t<ul class=\"forum-titles\">\n\t\t\t<li class=\"bbp-forum-info\">Foorumi<\/li>\n\t\t\t<li class=\"bbp-forum-topic-count\">Aiheet<\/li>\n\t\t\t<li class=\"bbp-forum-reply-count\">Artikkelit<\/li>\n\t\t\t<li class=\"bbp-forum-freshness\">Viimeisin julkasu<\/li>\n\t\t<\/ul>\n\n\t<\/li><!-- .bbp-header -->\n\n\t<li class=\"bbp-body\">\n\n\t\t\n\t\t\t\n<ul id=\"bbp-forum-355\" class=\"loop-item-0 bbp-forum-status-open bbp-forum-visibility-publish odd  post-355 forum type-forum status-publish hentry\">\n\t<li class=\"bbp-forum-info\">\n\n\t\t\n\t\t\n\t\t<a class=\"bbp-forum-title\" href=\"https:\/\/www.nummelanfrisbeeseura.com\/kotisivut\/forums\/forum\/julkinen\/\">Julkinen<\/a>\n\n\t\t\n\t\t\n\t\t<div class=\"bbp-forum-content\">Julkinen alue<\/div>\n\n\t\t\n\t\t\n\t\t\n\t\t\n\t\t\n\t<\/li>\n\n\t<li class=\"bbp-forum-topic-count\">3<\/li>\n\n\t<li class=\"bbp-forum-reply-count\">4<\/li>\n\n\t<li class=\"bbp-forum-freshness\">\n\n\t\t\n\t\t<a href=\"https:\/\/www.nummelanfrisbeeseura.com\/kotisivut\/forums\/topic\/jasenmaksut-2022-2\/#post-1934\" title=\"Vastaa aiheeseen: J\u00e4senmaksut 2023\">3 vuotta, 4 kuukautta sitten<\/a>\n\t\t\n\t\t<p class=\"bbp-topic-meta\">\n\n\t\t\t\n\t\t\t<span class=\"bbp-topic-freshness-author\"><a href=\"https:\/\/www.nummelanfrisbeeseura.com\/kotisivut\/forums\/users\/hone\/\" title=\"N\u00e4yt\u00e4 k\u00e4ytt\u00e4j\u00e4n Tuomo Rikman profiili\" class=\"bbp-author-link\"><span  class=\"bbp-author-name\">Tuomo Rikman<\/span><\/a><\/span>\n\n\t\t\t\n\t\t<\/p>\n\t<\/li>\n<\/ul><!-- #bbp-forum-355 -->\n\n\t\t\n\t<\/li><!-- .bbp-body -->\n\n\t<li class=\"bbp-footer\">\n\n\t\t<div class=\"tr\">\n\t\t\t<p class=\"td colspan4\">&nbsp;<\/p>\n\t\t<\/div><!-- .tr -->\n\n\t<\/li><!-- .bbp-footer -->\n\n<\/ul><!-- .forums-directory -->\n\n\n\t\n\t\n<\/div>\n\n\n\n\n<p><strong>Alla aktiiviset aiheet:<\/strong><\/p>\n\n\n\n\n<div id=\"bbpress-forums\" class=\"bbpress-wrapper\">\n\n\t\n\t<div class=\"bbp-search-form\">\n\t\t<form role=\"search\" method=\"get\" id=\"bbp-search-form\">\n\t\t\t<div>\n\t\t\t\t<label class=\"screen-reader-text hidden\" for=\"bbp_search\">Etsi:<\/label>\n\t\t\t\t<input type=\"hidden\" name=\"action\" value=\"bbp-search-request\" \/>\n\t\t\t\t<input type=\"text\" value=\"\" name=\"bbp_search\" id=\"bbp_search\" \/>\n\t\t\t\t<input class=\"button\" type=\"submit\" id=\"bbp_search_submit\" value=\"Etsi\" \/>\n\t\t\t<\/div>\n\t\t<\/form>\n\t<\/div>\n\n\n\t<div class=\"bbp-breadcrumb\"><p><a href=\"https:\/\/www.nummelanfrisbeeseura.com\/kotisivut\" class=\"bbp-breadcrumb-home\"><span class=\"bsp-home-icon\"><\/span><\/a> <span class=\"bbp-breadcrumb-sep\">&rsaquo;<\/span> <a href=\"https:\/\/www.nummelanfrisbeeseura.com\/kotisivut\/forums\/\" class=\"bbp-breadcrumb-root\">Foorumit<\/a> <span class=\"bbp-breadcrumb-sep\">&rsaquo;<\/span> <span class=\"bbp-breadcrumb-current\">Aiheet<\/span><\/p><\/div>\n\t\n\t\n\t\n\t\n\t\n\t\t\n<div class=\"bbp-pagination\">\n\t<div class=\"bbp-pagination-count\">Esill\u00e4 3 aihetta, 1 - 3 (kaikkiaan 3)<\/div>\n\t<div class=\"bbp-pagination-links\"><\/div>\n<\/div>\n\n\n\t\t\n<ul id=\"bbp-forum-0\" class=\"bbp-topics\">\n\t<li class=\"bbp-header\">\n\t\t<ul class=\"forum-titles\">\n\t\t\t<li class=\"bbp-topic-title\">Aihe<\/li>\n\t\t\t<li class=\"bbp-topic-voice-count\">\u00c4\u00e4ni\u00e4<\/li>\n\t\t\t<li class=\"bbp-topic-reply-count\">Artikkelit<\/li>\n\t\t\t<li class=\"bbp-topic-freshness\">Viimeisin julkasu<\/li>\n\t\t<\/ul>\n\t<\/li>\n\n\t<li class=\"bbp-body\">\n\n\t\t\n\t\t\t\n<ul id=\"bbp-topic-1595\" class=\"loop-item-0 user-id-25 bbp-parent-forum-355 odd  sticky post-1595 topic type-topic status-publish hentry\">\n\t<li class=\"bbp-topic-title\">\n\n\t\t\n\t\t\n\t\t<a class=\"bbp-topic-permalink\" href=\"https:\/\/www.nummelanfrisbeeseura.com\/kotisivut\/forums\/topic\/jasenmaksut-2022-2\/\">J\u00e4senmaksut 2023<\/a>\n\n\t\t\n\t\t\n\t\t\n\t\t<p class=\"bbp-topic-meta\">\n\n\t\t\t\n\t\t\t<span class=\"bbp-topic-started-by\">Aloittanut: <a href=\"https:\/\/www.nummelanfrisbeeseura.com\/kotisivut\/forums\/users\/penttala\/\" title=\"N\u00e4yt\u00e4 k\u00e4ytt\u00e4j\u00e4n Ari Penttala profiili\" class=\"bbp-author-link\"><span  class=\"bbp-author-avatar\"><\/span><span  class=\"bbp-author-name\">Ari Penttala<\/span><\/a><\/span>\n\n\t\t\t\n\t\t\t\n\t\t\t\t\n\t\t\t\t<span class=\"bbp-topic-started-in\">paikassa: <a href=\"https:\/\/www.nummelanfrisbeeseura.com\/kotisivut\/forums\/forum\/julkinen\/\">Julkinen<\/a><\/span>\n\t\t\t\t\n\t\t\t\n\t\t<\/p>\n\n\t\t\n\t\t\n\t<\/li>\n\n\t<li class=\"bbp-topic-voice-count\">2<\/li>\n\n\t<li class=\"bbp-topic-reply-count\">2<\/li>\n\n\t<li class=\"bbp-topic-freshness\">\n\n\t\t\n\t\t<a href=\"https:\/\/www.nummelanfrisbeeseura.com\/kotisivut\/forums\/topic\/jasenmaksut-2022-2\/#post-1934\" title=\"Vastaa aiheeseen: J\u00e4senmaksut 2023\">3 vuotta, 4 kuukautta sitten<\/a>\n\t\t\n\t\t<p class=\"bbp-topic-meta\">\n\n\t\t\t\n\t\t\t<span class=\"bbp-topic-freshness-author\"><a href=\"https:\/\/www.nummelanfrisbeeseura.com\/kotisivut\/forums\/users\/hone\/\" title=\"N\u00e4yt\u00e4 k\u00e4ytt\u00e4j\u00e4n Tuomo Rikman profiili\" class=\"bbp-author-link\"><span  class=\"bbp-author-name\">Tuomo Rikman<\/span><\/a><\/span>\n\n\t\t\t\n\t\t<\/p>\n\t<\/li>\n<\/ul><!-- #bbp-topic-1595 -->\n\n\t\t\n\t\t\t\n<ul id=\"bbp-topic-1486\" class=\"loop-item-1 user-id-3 bbp-parent-forum-355 even  post-1486 topic type-topic status-publish hentry\">\n\t<li class=\"bbp-topic-title\">\n\n\t\t\n\t\t<span class=\"bbp-attachments-count\" title=\"6 attachments\"><\/span>\n\t\t<a class=\"bbp-topic-permalink\" href=\"https:\/\/www.nummelanfrisbeeseura.com\/kotisivut\/forums\/topic\/kevatkokous-2021\/\">Kev\u00e4tkokous 2021<\/a>\n\n\t\t\n\t\t\n\t\t\n\t\t<p class=\"bbp-topic-meta\">\n\n\t\t\t\n\t\t\t<span class=\"bbp-topic-started-by\">Aloittanut: <a href=\"https:\/\/www.nummelanfrisbeeseura.com\/kotisivut\/forums\/users\/hone\/\" title=\"N\u00e4yt\u00e4 k\u00e4ytt\u00e4j\u00e4n Tuomo Rikman profiili\" class=\"bbp-author-link\"><span  class=\"bbp-author-avatar\"><\/span><span  class=\"bbp-author-name\">Tuomo Rikman<\/span><\/a><\/span>\n\n\t\t\t\n\t\t\t\n\t\t\t\t\n\t\t\t\t<span class=\"bbp-topic-started-in\">paikassa: <a href=\"https:\/\/www.nummelanfrisbeeseura.com\/kotisivut\/forums\/forum\/julkinen\/\">Julkinen<\/a><\/span>\n\t\t\t\t\n\t\t\t\n\t\t<\/p>\n\n\t\t\n\t\t\n\t<\/li>\n\n\t<li class=\"bbp-topic-voice-count\">1<\/li>\n\n\t<li class=\"bbp-topic-reply-count\">1<\/li>\n\n\t<li class=\"bbp-topic-freshness\">\n\n\t\t\n\t\t<a href=\"https:\/\/www.nummelanfrisbeeseura.com\/kotisivut\/forums\/topic\/kevatkokous-2021\/\" title=\"Kev\u00e4tkokous 2021\">4 vuotta, 7 kuukautta sitten<\/a>\n\t\t\n\t\t<p class=\"bbp-topic-meta\">\n\n\t\t\t\n\t\t\t<span class=\"bbp-topic-freshness-author\"><a href=\"https:\/\/www.nummelanfrisbeeseura.com\/kotisivut\/forums\/users\/hone\/\" title=\"N\u00e4yt\u00e4 k\u00e4ytt\u00e4j\u00e4n Tuomo Rikman profiili\" class=\"bbp-author-link\"><span  class=\"bbp-author-name\">Tuomo Rikman<\/span><\/a><\/span>\n\n\t\t\t\n\t\t<\/p>\n\t<\/li>\n<\/ul><!-- #bbp-topic-1486 -->\n\n\t\t\n\t\t\t\n<ul id=\"bbp-topic-368\" class=\"loop-item-2 user-id-3 bbp-parent-forum-355 odd  post-368 topic type-topic status-publish hentry\">\n\t<li class=\"bbp-topic-title\">\n\n\t\t\n\t\t\n\t\t<a class=\"bbp-topic-permalink\" href=\"https:\/\/www.nummelanfrisbeeseura.com\/kotisivut\/forums\/topic\/nfs-uudistaa-foorumiaan\/\">NFS uudistaa foorumiaan<\/a>\n\n\t\t\n\t\t\n\t\t\n\t\t<p class=\"bbp-topic-meta\">\n\n\t\t\t\n\t\t\t<span class=\"bbp-topic-started-by\">Aloittanut: <a href=\"https:\/\/www.nummelanfrisbeeseura.com\/kotisivut\/forums\/users\/hone\/\" title=\"N\u00e4yt\u00e4 k\u00e4ytt\u00e4j\u00e4n Tuomo Rikman profiili\" class=\"bbp-author-link\"><span  class=\"bbp-author-avatar\"><\/span><span  class=\"bbp-author-name\">Tuomo Rikman<\/span><\/a><\/span>\n\n\t\t\t\n\t\t\t\n\t\t\t\t\n\t\t\t\t<span class=\"bbp-topic-started-in\">paikassa: <a href=\"https:\/\/www.nummelanfrisbeeseura.com\/kotisivut\/forums\/forum\/julkinen\/\">Julkinen<\/a><\/span>\n\t\t\t\t\n\t\t\t\n\t\t<\/p>\n\n\t\t\n\t\t\n\t<\/li>\n\n\t<li class=\"bbp-topic-voice-count\">0<\/li>\n\n\t<li class=\"bbp-topic-reply-count\">1<\/li>\n\n\t<li class=\"bbp-topic-freshness\">\n\n\t\t\n\t\t<a href=\"https:\/\/www.nummelanfrisbeeseura.com\/kotisivut\/forums\/topic\/nfs-uudistaa-foorumiaan\/\" title=\"NFS uudistaa foorumiaan\">6 vuotta, 5 kuukautta sitten<\/a>\n\t\t\n\t\t<p class=\"bbp-topic-meta\">\n\n\t\t\t\n\t\t\t<span class=\"bbp-topic-freshness-author\"><a href=\"https:\/\/www.nummelanfrisbeeseura.com\/kotisivut\/forums\/users\/hone\/\" title=\"N\u00e4yt\u00e4 k\u00e4ytt\u00e4j\u00e4n Tuomo Rikman profiili\" class=\"bbp-author-link\"><span  class=\"bbp-author-name\">Tuomo Rikman<\/span><\/a><\/span>\n\n\t\t\t\n\t\t<\/p>\n\t<\/li>\n<\/ul><!-- #bbp-topic-368 -->\n\n\t\t\n\t<\/li>\n\n\t<li class=\"bbp-footer\">\n\t\t<div class=\"tr\">\n\t\t\t<p>\n\t\t\t\t<span class=\"td colspan4\">&nbsp;<\/span>\n\t\t\t<\/p>\n\t\t<\/div><!-- .tr -->\n\t<\/li>\n<\/ul><!-- #bbp-forum-0 -->\n\n\n\t\t\n<div class=\"bbp-pagination\">\n\t<div class=\"bbp-pagination-count\">Esill\u00e4 3 aihetta, 1 - 3 (kaikkiaan 3)<\/div>\n\t<div class=\"bbp-pagination-links\"><\/div>\n<\/div>\n\n\n\t\n\t\n<\/div>\n\n","protected":false},"excerpt":{"rendered":"<p>Alla aktiiviset aiheet:<\/p>\n","protected":false},"author":3,"featured_media":0,"parent":0,"menu_order":0,"comment_status":"close","ping_status":"close","template":"page-templates\/full-width.php","meta":{"_bbp_topic_count":0,"_bbp_reply_count":0,"_bbp_total_topic_count":0,"_bbp_total_reply_count":0,"_bbp_voice_count":0,"_bbp_anonymous_reply_count":0,"_bbp_topic_count_hidden":0,"_bbp_reply_count_hidden":0,"_bbp_forum_subforum_count":0,"jetpack_post_was_ever_published":false,"footnotes":""},"class_list":["post-324","page","type-page","status-publish","hentry"],"jetpack_sharing_enabled":true,"jetpack_shortlink":"https:\/\/wp.me\/P8w7cz-5e","jetpack-related-posts":[],"_links":{"self":[{"href":"https:\/\/www.nummelanfrisbeeseura.com\/kotisivut\/wp-json\/wp\/v2\/pages\/324","targetHints":{"allow":["GET"]}}],"collection":[{"href":"https:\/\/www.nummelanfrisbeeseura.com\/kotisivut\/wp-json\/wp\/v2\/pages"}],"about":[{"href":"https:\/\/www.nummelanfrisbeeseura.com\/kotisivut\/wp-json\/wp\/v2\/types\/page"}],"author":[{"embeddable":true,"href":"https:\/\/www.nummelanfrisbeeseura.com\/kotisivut\/wp-json\/wp\/v2\/users\/3"}],"replies":[{"embeddable":true,"href":"https:\/\/www.nummelanfrisbeeseura.com\/kotisivut\/wp-json\/wp\/v2\/comments?post=324"}],"version-history":[{"count":18,"href":"https:\/\/www.nummelanfrisbeeseura.com\/kotisivut\/wp-json\/wp\/v2\/pages\/324\/revisions"}],"predecessor-version":[{"id":688,"href":"https:\/\/www.nummelanfrisbeeseura.com\/kotisivut\/wp-json\/wp\/v2\/pages\/324\/revisions\/688"}],"wp:attachment":[{"href":"https:\/\/www.nummelanfrisbeeseura.com\/kotisivut\/wp-json\/wp\/v2\/media?parent=324"}],"curies":[{"name":"wp","href":"https:\/\/api.w.org\/{rel}","templated":true}]}}