{"id":41,"date":"2017-03-17T13:26:16","date_gmt":"2017-03-17T13:26:16","guid":{"rendered":"http:\/\/www.nummelanfrisbeeseura.com\/kotisivut\/?page_id=41"},"modified":"2025-08-20T22:21:10","modified_gmt":"2025-08-20T20:21:10","slug":"nummelanharju","status":"publish","type":"page","link":"https:\/\/www.nummelanfrisbeeseura.com\/kotisivut\/nummelanharju\/","title":{"rendered":"Nummelanharju frisbeegolfrata"},"content":{"rendered":"\r\n<p>Harjun rata on t\u00e4ysimittainen 18-v\u00e4yl\u00e4inen frisbeegolfrata.<br \/><br \/>Harjun radalla v\u00e4yl\u00e4t vaihtelevat ykk\u00f6sv\u00e4yl\u00e4n 30 metrisest\u00e4 puttausv\u00e4yl\u00e4st\u00e4 v\u00e4ylien kuusi ja kymmenen vajaat 200 metri\u00e4 pitkiin haasteisiin. \ud83d\ude09<br \/><br \/>Harjumaasto tarjoaa mahdollisuuden kohtuullisiin korkeuseroihin ja harjulla onkin saatu mukavan monipuolisia v\u00e4yli\u00e4 aikaiseksi.<br \/><br \/>Harjun maasto on p\u00e4\u00e4osin hiekkapohjainen, joten siin\u00e4 on puolensa. Hiekkaharju imee vett\u00e4 mainiosti ja rankemmankin sateen j\u00e4lkeen rata on nopeasti kuiva.<br \/><br \/>Toisaalta kuivana aikana hiekkaa on helposti hieman keng\u00e4ss\u00e4.<br \/>Nummelanharjun maasto on my\u00f6s lenkkeilymaastoa ja radan keskelt\u00e4 menee pururata jota jonkinverran lenkkeilij\u00e4t ja talvella hiiht\u00e4j\u00e4t k\u00e4ytt\u00e4v\u00e4t.<br \/><br \/>Heit\u00e4 tulee luonnollisestikin varoa vaikka yhteiselo on paljolti hyv\u00e4\u00e4.<br \/>Nummelanharjun parit ovat aiheuttaneet paljonkin keskustelua. <br \/><br \/>Niiden kanssa on soudeltu eestaas. 56 muuttui 49 ja nyky\u00e4\u00e4n ollaan suurinpiirtein samassa linjassa samantyyppisten ratojen kanssa kent\u00e4n parin ollessa 57.<\/p>\r\n<p>Tuoreimpana muutoksena on #10 v\u00e4yl\u00e4n kivikasan poistumisen my\u00f6t\u00e4 Hazard alueen tuleminen ko. kivikasan tilalle.<\/p>\r\n<p>Eli heitot jatkuu sielt\u00e4 minne kiekko j\u00e4i ja tulokseen lis\u00e4t\u00e4\u00e4n jokaisesta Hazard alueen heitosta +1.<\/p>\r\n<p>Kuva ja teksti p\u00e4ivitetty 8\/2025.<\/p>\r\n\r\n<p><a href=\"https:\/\/i0.wp.com\/www.nummelanfrisbeeseura.com\/kotisivut\/wp-content\/uploads\/2025\/08\/Nummelanharjun-frisbeegolfrata-2025-v2-scaled.jpg?ssl=1\" target=\"_blank\" rel=\"noopener\"><img data-recalc-dims=\"1\" loading=\"lazy\" decoding=\"async\" data-attachment-id=\"3391\" data-permalink=\"https:\/\/www.nummelanfrisbeeseura.com\/kotisivut\/nummelanharju\/nummelanharjun-frisbeegolfrata-2025-small-v2\/\" data-orig-file=\"https:\/\/i0.wp.com\/www.nummelanfrisbeeseura.com\/kotisivut\/wp-content\/uploads\/2025\/08\/Nummelanharjun-frisbeegolfrata-2025-small-v2.jpg?fit=1024%2C651&amp;ssl=1\" data-orig-size=\"1024,651\" data-comments-opened=\"0\" data-image-meta=\"{&quot;aperture&quot;:&quot;0&quot;,&quot;credit&quot;:&quot;&quot;,&quot;camera&quot;:&quot;&quot;,&quot;caption&quot;:&quot;&quot;,&quot;created_timestamp&quot;:&quot;0&quot;,&quot;copyright&quot;:&quot;&quot;,&quot;focal_length&quot;:&quot;0&quot;,&quot;iso&quot;:&quot;0&quot;,&quot;shutter_speed&quot;:&quot;0&quot;,&quot;title&quot;:&quot;&quot;,&quot;orientation&quot;:&quot;1&quot;}\" data-image-title=\"Nummelanharjun-frisbeegolfrata-2025-small-v2\" data-image-description=\"\" data-image-caption=\"\" data-medium-file=\"https:\/\/i0.wp.com\/www.nummelanfrisbeeseura.com\/kotisivut\/wp-content\/uploads\/2025\/08\/Nummelanharjun-frisbeegolfrata-2025-small-v2.jpg?fit=300%2C191&amp;ssl=1\" data-large-file=\"https:\/\/i0.wp.com\/www.nummelanfrisbeeseura.com\/kotisivut\/wp-content\/uploads\/2025\/08\/Nummelanharjun-frisbeegolfrata-2025-small-v2.jpg?fit=474%2C301&amp;ssl=1\" class=\"alignnone  wp-image-3391\" src=\"https:\/\/i0.wp.com\/www.nummelanfrisbeeseura.com\/kotisivut\/wp-content\/uploads\/2025\/08\/Nummelanharjun-frisbeegolfrata-2025-small-v2.jpg?resize=474%2C302&#038;ssl=1\" alt=\"\" width=\"474\" height=\"302\" srcset=\"https:\/\/i0.wp.com\/www.nummelanfrisbeeseura.com\/kotisivut\/wp-content\/uploads\/2025\/08\/Nummelanharjun-frisbeegolfrata-2025-small-v2.jpg?resize=300%2C191&amp;ssl=1 300w, https:\/\/i0.wp.com\/www.nummelanfrisbeeseura.com\/kotisivut\/wp-content\/uploads\/2025\/08\/Nummelanharjun-frisbeegolfrata-2025-small-v2.jpg?resize=768%2C488&amp;ssl=1 768w, https:\/\/i0.wp.com\/www.nummelanfrisbeeseura.com\/kotisivut\/wp-content\/uploads\/2025\/08\/Nummelanharjun-frisbeegolfrata-2025-small-v2.jpg?w=1024&amp;ssl=1 1024w, https:\/\/i0.wp.com\/www.nummelanfrisbeeseura.com\/kotisivut\/wp-content\/uploads\/2025\/08\/Nummelanharjun-frisbeegolfrata-2025-small-v2.jpg?w=948&amp;ssl=1 948w\" sizes=\"auto, (max-width: 474px) 100vw, 474px\" \/><\/a>\u00a0<\/p>\r\n<p>(Klikkaa kuvaa avataksesi ratakartta suurempana)<\/p>\r\n<p><a href=\"http:\/\/frisbeegolfradat.fi\/rata\/nummelanharjun_frisbeegolfrata_vihti\/\">Radan tiedot Frisbeegolfradat.fi (FGR) palvelussa<\/a>. (Uusinta kuvaa ei viel\u00e4 ole p\u00e4ivitetty).<\/p>\r\n<p>&nbsp;<\/p>\r\n\r\n<p style=\"font-size: 22px;\"><strong>Viikkokilpailut<\/strong><\/p>\r\n\r\n\r\n\r\n<figure class=\"wp-block-embed is-type-wp-embed is-provider-nummelan-frisbeeseura-ry wp-block-embed-nummelan-frisbeeseura-ry\">\r\n<div class=\"wp-block-embed__wrapper\">https:\/\/www.nummelanfrisbeeseura.com\/kotisivut\/viikkokilpailut\/<\/div>\r\n<\/figure>\r\n\r\n\r\n\r\n<p style=\"font-size: 22px;\"><strong>L\u00f6yt\u00f6kiekot<\/strong><\/p>\r\n\r\n\r\n\r\n<ul class=\"wp-block-list\">\r\n<li>Radalla ei ole l\u00f6yt\u00f6kiekoille laatikkoa<\/li>\r\n\r\n\r\n\r\n<li>Edellinen laatikko hajotettiin tahallaan, ja t\u00e4m\u00e4n takia emme tuo sinne uutta laatikkoa<\/li>\r\n\r\n\r\n\r\n<li>Toivomme, ett\u00e4 kiekkojen l\u00f6yt\u00e4j\u00e4t ottavat yhteytt\u00e4 kiekon omistajaan jos kiekosta l\u00f6ytyy yhteystiedot (Sopimaan miten kiekko palautetaan)<\/li>\r\n<\/ul>\r\n\r\n\r\n\r\n<p style=\"font-size: 22px;\"><strong>Reittiohjeet ja sijainti<\/strong><\/p>\r\n\r\n\r\n\r\n<p>Mutkattomin kulku Nummelanharjulle tapahtuu Keh\u00e4tien varrella sijaitsevan levikkeen kautta. Puiset portaat johtavat l\u00e4helle ykk\u00f6stiit\u00e4.<\/p>\r\n\r\n\r\n\r\n<p>Suosittelemme j\u00e4tt\u00e4m\u00e4\u00e4n autonne muualle kuin levikkeelle, sen niukan tilan vuoksi.<br \/><br \/>L\u00e4hialueelta l\u00f6ytyy pys\u00e4k\u00f6intiin soveltuvia alueita mm. paloaseman l\u00e4hettyvilt\u00e4. Mutta ei paloaseman edess\u00e4 olevalle levennykselle!<\/p>\r\n\r\n\r\n\r\n<p><iframe loading=\"lazy\" style=\"border: 0;\" tabindex=\"0\" src=\"https:\/\/www.google.com\/maps\/embed?pb=!1m14!1m8!1m3!1d3950.4654510246974!2d24.278191242328614!3d60.3257432648881!3m2!1i1024!2i768!4f13.1!3m3!1m2!1s0x0%3A0xaccf9ed24b9494d2!2sNummelanharjun%20frisbeegolfrata!5e0!3m2!1sfi!2sfi!4v1601958969883!5m2!1sfi!2sfi\" width=\"600\" height=\"450\" frameborder=\"0\" allowfullscreen=\"allowfullscreen\" aria-hidden=\"false\"><\/iframe><\/p>\r\n","protected":false},"excerpt":{"rendered":"<p>Harjun rata on t\u00e4ysimittainen 18-v\u00e4yl\u00e4inen frisbeegolfrata. Harjun radalla v\u00e4yl\u00e4t vaihtelevat ykk\u00f6sv\u00e4yl\u00e4n 30 metrisest\u00e4 puttausv\u00e4yl\u00e4st\u00e4 v\u00e4ylien kuusi ja kymmenen vajaat 200 metri\u00e4 pitkiin haasteisiin. \ud83d\ude09 Harjumaasto tarjoaa mahdollisuuden kohtuullisiin korkeuseroihin ja harjulla onkin saatu mukavan monipuolisia v\u00e4yli\u00e4 aikaiseksi. Harjun maasto on p\u00e4\u00e4osin hiekkapohjainen, joten siin\u00e4 on puolensa. Hiekkaharju imee vett\u00e4 mainiosti ja rankemmankin sateen j\u00e4lkeen rata &hellip; <a href=\"https:\/\/www.nummelanfrisbeeseura.com\/kotisivut\/nummelanharju\/\" class=\"more-link\">Jatka lukemista <span class=\"screen-reader-text\">Nummelanharju frisbeegolfrata<\/span> <span class=\"meta-nav\">&rarr;<\/span><\/a><\/p>\n","protected":false},"author":1,"featured_media":45,"parent":0,"menu_order":0,"comment_status":"closed","ping_status":"closed","template":"","meta":{"_bbp_topic_count":0,"_bbp_reply_count":0,"_bbp_total_topic_count":0,"_bbp_total_reply_count":0,"_bbp_voice_count":0,"_bbp_anonymous_reply_count":0,"_bbp_topic_count_hidden":0,"_bbp_reply_count_hidden":0,"_bbp_forum_subforum_count":0,"jetpack_post_was_ever_published":false,"footnotes":""},"class_list":["post-41","page","type-page","status-publish","has-post-thumbnail","hentry"],"jetpack_sharing_enabled":true,"jetpack_shortlink":"https:\/\/wp.me\/P8w7cz-F","jetpack-related-posts":[],"_links":{"self":[{"href":"https:\/\/www.nummelanfrisbeeseura.com\/kotisivut\/wp-json\/wp\/v2\/pages\/41","targetHints":{"allow":["GET"]}}],"collection":[{"href":"https:\/\/www.nummelanfrisbeeseura.com\/kotisivut\/wp-json\/wp\/v2\/pages"}],"about":[{"href":"https:\/\/www.nummelanfrisbeeseura.com\/kotisivut\/wp-json\/wp\/v2\/types\/page"}],"author":[{"embeddable":true,"href":"https:\/\/www.nummelanfrisbeeseura.com\/kotisivut\/wp-json\/wp\/v2\/users\/1"}],"replies":[{"embeddable":true,"href":"https:\/\/www.nummelanfrisbeeseura.com\/kotisivut\/wp-json\/wp\/v2\/comments?post=41"}],"version-history":[{"count":21,"href":"https:\/\/www.nummelanfrisbeeseura.com\/kotisivut\/wp-json\/wp\/v2\/pages\/41\/revisions"}],"predecessor-version":[{"id":3393,"href":"https:\/\/www.nummelanfrisbeeseura.com\/kotisivut\/wp-json\/wp\/v2\/pages\/41\/revisions\/3393"}],"wp:featuredmedia":[{"embeddable":true,"href":"https:\/\/www.nummelanfrisbeeseura.com\/kotisivut\/wp-json\/wp\/v2\/media\/45"}],"wp:attachment":[{"href":"https:\/\/www.nummelanfrisbeeseura.com\/kotisivut\/wp-json\/wp\/v2\/media?parent=41"}],"curies":[{"name":"wp","href":"https:\/\/api.w.org\/{rel}","templated":true}]}}