{"id":7,"date":"2017-03-17T10:56:54","date_gmt":"2017-03-17T10:56:54","guid":{"rendered":"http:\/\/www.nummelanfrisbeeseura.com\/kotisivut\/?page_id=7"},"modified":"2025-05-16T17:55:04","modified_gmt":"2025-05-16T15:55:04","slug":"yhteystiedot","status":"publish","type":"page","link":"https:\/\/www.nummelanfrisbeeseura.com\/kotisivut\/yhteystiedot\/","title":{"rendered":"Yhteystiedot"},"content":{"rendered":"\n<p>Nummelan frisbeeseura ry.<br><br>Y-tunnus:\u00a02794796-6<br>IBAN: FI71 4108 0013 1558 93<br>BIC: ITELFIHH<br>Oma S\u00e4\u00e4st\u00f6pankki\u00a0Oyj<\/p>\n\n\n\n<p>Hallituksen j\u00e4senet ja vastuualueet:<\/p>\n\n\n\n<p>Puheenjohtaja \/ J\u00e4senvastaava \/ Raha-asian vastuuhenkil\u00f6 \/ Kaatiksen vastuuhenkil\u00f6:<br>Ari Penttala<br>0407241644<br>pj(at)nummelanfrisbeeseura.com<\/p>\n\n\n\n<p>Varapj. \/ Kilpailutoimenjohtaja:<br>Tuomo Rikman<br>0442203246<br>tuomo.rikman(at)nummelanfrisbeeseura.com<\/p>\n\n\n\n<p>Kirjanpito:<br>Ville Kotam\u00e4ki<\/p>\n\n\n\n<p>Nina Kiminki<br>0405793053<br>nina.kiminki(at)kolumbus.fi<\/p>\n\n\n\n<p>Janne Hirsim\u00e4ki<br>0504088522<\/p>\n\n\n\n<p>Aaro Tuomela<\/p>\n\n\n\n<p><\/p>\n","protected":false},"excerpt":{"rendered":"<p>Nummelan frisbeeseura ry. Y-tunnus:\u00a02794796-6IBAN: FI71 4108 0013 1558 93BIC: ITELFIHHOma S\u00e4\u00e4st\u00f6pankki\u00a0Oyj Hallituksen j\u00e4senet ja vastuualueet: Puheenjohtaja \/ J\u00e4senvastaava \/ Raha-asian vastuuhenkil\u00f6 \/ Kaatiksen vastuuhenkil\u00f6:Ari Penttala0407241644pj(at)nummelanfrisbeeseura.com Varapj. \/ Kilpailutoimenjohtaja:Tuomo Rikman0442203246tuomo.rikman(at)nummelanfrisbeeseura.com Kirjanpito:Ville Kotam\u00e4ki Nina Kiminki0405793053nina.kiminki(at)kolumbus.fi Janne Hirsim\u00e4ki0504088522 Aaro Tuomela<\/p>\n","protected":false},"author":1,"featured_media":0,"parent":0,"menu_order":0,"comment_status":"closed","ping_status":"closed","template":"","meta":{"_bbp_topic_count":0,"_bbp_reply_count":0,"_bbp_total_topic_count":0,"_bbp_total_reply_count":0,"_bbp_voice_count":0,"_bbp_anonymous_reply_count":0,"_bbp_topic_count_hidden":0,"_bbp_reply_count_hidden":0,"_bbp_forum_subforum_count":0,"jetpack_post_was_ever_published":false,"footnotes":""},"class_list":["post-7","page","type-page","status-publish","hentry"],"jetpack_sharing_enabled":true,"jetpack_shortlink":"https:\/\/wp.me\/P8w7cz-7","jetpack-related-posts":[],"_links":{"self":[{"href":"https:\/\/www.nummelanfrisbeeseura.com\/kotisivut\/wp-json\/wp\/v2\/pages\/7","targetHints":{"allow":["GET"]}}],"collection":[{"href":"https:\/\/www.nummelanfrisbeeseura.com\/kotisivut\/wp-json\/wp\/v2\/pages"}],"about":[{"href":"https:\/\/www.nummelanfrisbeeseura.com\/kotisivut\/wp-json\/wp\/v2\/types\/page"}],"author":[{"embeddable":true,"href":"https:\/\/www.nummelanfrisbeeseura.com\/kotisivut\/wp-json\/wp\/v2\/users\/1"}],"replies":[{"embeddable":true,"href":"https:\/\/www.nummelanfrisbeeseura.com\/kotisivut\/wp-json\/wp\/v2\/comments?post=7"}],"version-history":[{"count":20,"href":"https:\/\/www.nummelanfrisbeeseura.com\/kotisivut\/wp-json\/wp\/v2\/pages\/7\/revisions"}],"predecessor-version":[{"id":3301,"href":"https:\/\/www.nummelanfrisbeeseura.com\/kotisivut\/wp-json\/wp\/v2\/pages\/7\/revisions\/3301"}],"wp:attachment":[{"href":"https:\/\/www.nummelanfrisbeeseura.com\/kotisivut\/wp-json\/wp\/v2\/media?parent=7"}],"curies":[{"name":"wp","href":"https:\/\/api.w.org\/{rel}","templated":true}]}}