{"id":95,"date":"2017-03-17T14:55:43","date_gmt":"2017-03-17T14:55:43","guid":{"rendered":"http:\/\/www.nummelanfrisbeeseura.com\/kotisivut\/?page_id=95"},"modified":"2023-05-14T13:37:02","modified_gmt":"2023-05-14T11:37:02","slug":"pajuniitty","status":"publish","type":"page","link":"https:\/\/www.nummelanfrisbeeseura.com\/kotisivut\/pajuniitty\/","title":{"rendered":"Pajuniityn multigolfrata"},"content":{"rendered":"<p>Pajuniitty on aloittelijoille soveltuva lyhyiden v\u00e4ylien rata.<\/p>\n<p>Rata on uudistettu vuonna 2021, ja radasta tuli esteet\u00f6n multigolfrata.<\/p>\n<p>Puistossa liikkuu muitakin ihmisi\u00e4, joten varovaisuus on t\u00e4rke\u00e4\u00e4!<\/p>\n<p><a href=\"https:\/\/i0.wp.com\/www.nummelanfrisbeeseura.com\/kotisivut\/wp-content\/uploads\/2021\/09\/pajuniitynratakuva.jpg?ssl=1\"><img data-recalc-dims=\"1\" loading=\"lazy\" decoding=\"async\" data-attachment-id=\"1507\" data-permalink=\"https:\/\/www.nummelanfrisbeeseura.com\/kotisivut\/pajuniityn-rata-on-nykyaan-esteeton-multigolfrata\/pajuniitynratakuva\/\" data-orig-file=\"https:\/\/i0.wp.com\/www.nummelanfrisbeeseura.com\/kotisivut\/wp-content\/uploads\/2021\/09\/pajuniitynratakuva.jpg?fit=832%2C557&amp;ssl=1\" data-orig-size=\"832,557\" data-comments-opened=\"0\" data-image-meta=\"{&quot;aperture&quot;:&quot;0&quot;,&quot;credit&quot;:&quot;&quot;,&quot;camera&quot;:&quot;&quot;,&quot;caption&quot;:&quot;&quot;,&quot;created_timestamp&quot;:&quot;0&quot;,&quot;copyright&quot;:&quot;&quot;,&quot;focal_length&quot;:&quot;0&quot;,&quot;iso&quot;:&quot;0&quot;,&quot;shutter_speed&quot;:&quot;0&quot;,&quot;title&quot;:&quot;&quot;,&quot;orientation&quot;:&quot;0&quot;}\" data-image-title=\"pajuniitynratakuva\" data-image-description=\"\" data-image-caption=\"\" data-medium-file=\"https:\/\/i0.wp.com\/www.nummelanfrisbeeseura.com\/kotisivut\/wp-content\/uploads\/2021\/09\/pajuniitynratakuva.jpg?fit=300%2C201&amp;ssl=1\" data-large-file=\"https:\/\/i0.wp.com\/www.nummelanfrisbeeseura.com\/kotisivut\/wp-content\/uploads\/2021\/09\/pajuniitynratakuva.jpg?fit=474%2C317&amp;ssl=1\" class=\"alignnone wp-image-1507 size-full\" src=\"https:\/\/i0.wp.com\/www.nummelanfrisbeeseura.com\/kotisivut\/wp-content\/uploads\/2021\/09\/pajuniitynratakuva.jpg?resize=474%2C317&#038;ssl=1\" alt=\"\" width=\"474\" height=\"317\" srcset=\"https:\/\/i0.wp.com\/www.nummelanfrisbeeseura.com\/kotisivut\/wp-content\/uploads\/2021\/09\/pajuniitynratakuva.jpg?w=832&amp;ssl=1 832w, https:\/\/i0.wp.com\/www.nummelanfrisbeeseura.com\/kotisivut\/wp-content\/uploads\/2021\/09\/pajuniitynratakuva.jpg?resize=300%2C201&amp;ssl=1 300w, https:\/\/i0.wp.com\/www.nummelanfrisbeeseura.com\/kotisivut\/wp-content\/uploads\/2021\/09\/pajuniitynratakuva.jpg?resize=768%2C514&amp;ssl=1 768w\" sizes=\"auto, (max-width: 474px) 100vw, 474px\" \/><\/a><\/p>\n<p>(Klikkaa kuvaa avataksesi ratakartta suurempana)<\/p>\n<p>#1 tii sijaitsee Pajuniityn hiekkakent\u00e4n vieress\u00e4.<\/p>\n<p><a href=\"http:\/\/frisbeegolfradat.fi\/rata\/pajuniitty_vihti\/\">Radan tiedot Frisbeegolfradat.fi (FGR) palvelussa<\/a>. (P\u00e4ivityksen alla)<\/p>\n<p><strong>L\u00f6yt\u00f6kiekot<\/strong><\/p>\n<ul>\n<li>Radalla ei ole l\u00f6yt\u00f6kiekoille laatikkoa<\/li>\n<li>Toivomme, ett\u00e4 kiekkojen l\u00f6yt\u00e4j\u00e4t ottavat yhteytt\u00e4 kiekon omistajaan jos kiekosta l\u00f6ytyy yhteystiedot (Sopimaan miten kiekko palautetaan)<\/li>\n<\/ul>\n<p><strong>Reittiohjeet<\/strong><\/p>\n<p>Pajuniityn rata sijaitsee Nummelan keskustassa Prisman takana olevassa Pajuniityn puistossa.<\/p>\n<p>Autolle l\u00f6yd\u00e4t parhaiten pys\u00e4k\u00f6intipaikan l\u00e4heisen Prisman parkkipaikan etel\u00e4iselt\u00e4 puolelta.<\/p>\n<p>\u00a0<\/p>\n\n\n<iframe src=\"https:\/\/www.google.com\/maps\/embed?pb=!1m18!1m12!1m3!1d1396.6124527191553!2d24.323786861829173!3d60.3278002225519!2m3!1f0!2f0!3f0!3m2!1i1024!2i768!4f13.1!3m3!1m2!1s0x468de95d13954ebf%3A0xc9d5a00d053e373a!2sPajuniityn%20frisbeegolfrata!5e0!3m2!1sfi!2sfi!4v1632028660825!5m2!1sfi!2sfi\" width=\"600\" height=\"450\" style=\"border:0;\" allowfullscreen=\"\" loading=\"lazy\"><\/iframe>\n","protected":false},"excerpt":{"rendered":"<p>Pajuniitty on aloittelijoille soveltuva lyhyiden v\u00e4ylien rata. Rata on uudistettu vuonna 2021, ja radasta tuli esteet\u00f6n multigolfrata. Puistossa liikkuu muitakin ihmisi\u00e4, joten varovaisuus on t\u00e4rke\u00e4\u00e4! (Klikkaa kuvaa avataksesi ratakartta suurempana) #1 tii sijaitsee Pajuniityn hiekkakent\u00e4n vieress\u00e4. Radan tiedot Frisbeegolfradat.fi (FGR) palvelussa. (P\u00e4ivityksen alla) L\u00f6yt\u00f6kiekot Radalla ei ole l\u00f6yt\u00f6kiekoille laatikkoa Toivomme, ett\u00e4 kiekkojen l\u00f6yt\u00e4j\u00e4t ottavat yhteytt\u00e4 &hellip; <a href=\"https:\/\/www.nummelanfrisbeeseura.com\/kotisivut\/pajuniitty\/\" class=\"more-link\">Jatka lukemista <span class=\"screen-reader-text\">Pajuniityn multigolfrata<\/span> <span class=\"meta-nav\">&rarr;<\/span><\/a><\/p>\n","protected":false},"author":1,"featured_media":0,"parent":0,"menu_order":0,"comment_status":"closed","ping_status":"closed","template":"","meta":{"_bbp_topic_count":0,"_bbp_reply_count":0,"_bbp_total_topic_count":0,"_bbp_total_reply_count":0,"_bbp_voice_count":0,"_bbp_anonymous_reply_count":0,"_bbp_topic_count_hidden":0,"_bbp_reply_count_hidden":0,"_bbp_forum_subforum_count":0,"jetpack_post_was_ever_published":false,"footnotes":""},"class_list":["post-95","page","type-page","status-publish","hentry"],"jetpack_sharing_enabled":true,"jetpack_shortlink":"https:\/\/wp.me\/P8w7cz-1x","jetpack-related-posts":[],"_links":{"self":[{"href":"https:\/\/www.nummelanfrisbeeseura.com\/kotisivut\/wp-json\/wp\/v2\/pages\/95","targetHints":{"allow":["GET"]}}],"collection":[{"href":"https:\/\/www.nummelanfrisbeeseura.com\/kotisivut\/wp-json\/wp\/v2\/pages"}],"about":[{"href":"https:\/\/www.nummelanfrisbeeseura.com\/kotisivut\/wp-json\/wp\/v2\/types\/page"}],"author":[{"embeddable":true,"href":"https:\/\/www.nummelanfrisbeeseura.com\/kotisivut\/wp-json\/wp\/v2\/users\/1"}],"replies":[{"embeddable":true,"href":"https:\/\/www.nummelanfrisbeeseura.com\/kotisivut\/wp-json\/wp\/v2\/comments?post=95"}],"version-history":[{"count":9,"href":"https:\/\/www.nummelanfrisbeeseura.com\/kotisivut\/wp-json\/wp\/v2\/pages\/95\/revisions"}],"predecessor-version":[{"id":2265,"href":"https:\/\/www.nummelanfrisbeeseura.com\/kotisivut\/wp-json\/wp\/v2\/pages\/95\/revisions\/2265"}],"wp:attachment":[{"href":"https:\/\/www.nummelanfrisbeeseura.com\/kotisivut\/wp-json\/wp\/v2\/media?parent=95"}],"curies":[{"name":"wp","href":"https:\/\/api.w.org\/{rel}","templated":true}]}}