{"id":98,"date":"2019-01-20T15:02:59","date_gmt":"2019-01-20T15:02:59","guid":{"rendered":"http:\/\/www.nummelanfrisbeeseura.com\/kotisivut\/?page_id=98"},"modified":"2020-08-30T11:43:39","modified_gmt":"2020-08-30T09:43:39","slug":"viikkokisat","status":"publish","type":"page","link":"https:\/\/www.nummelanfrisbeeseura.com\/kotisivut\/viikkokisat\/","title":{"rendered":"Viikkokisat 2020"},"content":{"rendered":"<div>\n<div class=\"\" dir=\"auto\">\n<div id=\"jsc_c_fb\" class=\"dati1w0a ihqw7lf3 hv4rvrfc ecm0bbzt\">\n<h1 class=\"bi6gxh9e\"><span class=\"oi732d6d ik7dh3pa d2edcug0 hpfvmrgz qv66sw1b c1et5uql jq4qci2q a3bd9o3v knj5qynh oo9gr5id\">Nummelanharjun viikkokisat 2020<br \/><br \/><\/span><\/h1>\n<\/div>\n<\/div>\n<\/div>\n\n\n<p>Heti alkuun\u00a0<strong>iso kiitos<\/strong>\u00a0kaikille ketk\u00e4 osallistui Nummelanharjun viikkokisoihin!<br><\/p>\n\n\n\n<p>T\u00e4m\u00e4 kausi on ollut kaikin puolin haastava koronan takia.<br>Ei pelk\u00e4st\u00e4\u00e4n viikkokisojen, mutta my\u00f6s muidenkin kilpailujen, tapahtumien ja arjen kannalta.<\/p>\n\n\n\n<p>P\u00e4\u00e4simme aloittamaan Nummelanharjun viikkokisat 9.6.2020 ja 12 kisaa saatiin vedetty\u00e4 hyviss\u00e4 olosuhteissa.<\/p>\n\n\n\n<p><br>Kiitos\u00a0<a href=\"https:\/\/www.facebook.com\/marko.lumppio?__cft__[0]=AZURRY1iEx3u10BOoblyvFEDmWATF3rn0uoDSA7V49vMS_mXqZvahdTE7W2DfOE6l0wuFS3WsjC4qWu21JFX_VjBmV2LvuqJ3HFleCgkuByr4g6xKUamHmOXEY99HQ5HrTcDVhVsiO0ILCwmSIDrQmSq&amp;__tn__=-]K-R\">Marko Lumppio<\/a>\u00a0kun olit my\u00f6s TD hommissa mukana. Iso apu!Keskim\u00e4\u00e4rin meill\u00e4 oli 53 pelaajaa per viikkokisa.Suurin yll\u00e4tys t\u00e4ll\u00e4 kaudella oli junnujen m\u00e4\u00e4r\u00e4. Hienoa, ett\u00e4 tulevaisuuden staroja on tulossa\u00a0<img loading=\"lazy\" decoding=\"async\" height=\"16\" width=\"16\" alt=\"\ud83d\ude42\" src=\"https:\/\/static.xx.fbcdn.net\/images\/emoji.php\/v9\/teb\/2\/16\/1f642.png\"><\/p>\n\n\n\n<p><br>Keskim\u00e4\u00e4rin koko kauden aikana meill\u00e4 k\u00e4vi 16 junnua per viikkokisa (Viimeisiss\u00e4 4 kisassa keskiasrvo oli 24).<\/p>\n\n\n\n<p>Muutenkin viikkokisoissa n\u00e4htiin paljon uusia harrastajia, viikkokisojen ensikertalaisia, mutta my\u00f6s vanhoja konkareita, mestareita ja naftaliinista kiekot uudelleen kaivaneita.<\/p>\n\n\n\n<p><br><strong>Yksitt\u00e4isi\u00e4 pelaajia koko kauden aikana k\u00e4vi:<\/strong>Naiset: 12<br>Miehet: 183<br>Junnut: 48<br>Yhteens\u00e4: 243<br><\/p>\n\n\n\n<p><strong>Tuloksien ja v\u00e4ylien n\u00e4k\u00f6kulmasta<br><\/strong><\/p>\n\n\n\n<p><strong>Paras raakatulos:<\/strong>Naiset: Kirsi Kaikkonen 56 (-1)<br>Miehet: Vili Neuvonen 46 (-11)<br>Junnut: Joona Tuomela 51 (-6)<br><\/p>\n\n\n\n<p><strong>Paras keskiarvo kaikkien kierroksien osalta (v\u00e4hint\u00e4\u00e4n 4. kierrosta):<\/strong>Janne Hirsim\u00e4ki 50,2 (-6.8) Mukana kahden kiekon kierros<br><\/p>\n\n\n\n<p><strong>Holarit:<\/strong>Katri Koponen #1<br>Joonas Tuliniemi #1<br>Anton Airio #1<br>Jyrki Enqvist #15<br>Janne Hirsim\u00e4ki #15<br>Topi Kurki #15<br><\/p>\n\n\n\n<p><strong>Eaglet:<\/strong><br>Viljami S\u00f6derstr\u00f6m #10<br>Toni Joronen #14<br>Janne Salanto #16Lis\u00e4ksi<strong>\u00a0iso kiitos<\/strong>\u00a0lis\u00e4palkinnoista mitk\u00e4 arvottiin junnujen kesken:<\/p>\n\n\n\n<ul class=\"wp-block-list\"><li><a href=\"https:\/\/www.facebook.com\/Pasi.L.Lahti?__cft__[0]=AZURRY1iEx3u10BOoblyvFEDmWATF3rn0uoDSA7V49vMS_mXqZvahdTE7W2DfOE6l0wuFS3WsjC4qWu21JFX_VjBmV2LvuqJ3HFleCgkuByr4g6xKUamHmOXEY99HQ5HrTcDVhVsiO0ILCwmSIDrQmSq&amp;__tn__=-]K-R\">Pasi Lahti<\/a>&nbsp;4 mysteeri laatikkoa<\/li><li><a href=\"https:\/\/www.facebook.com\/jere.kukkurainen.12?__cft__[0]=AZURRY1iEx3u10BOoblyvFEDmWATF3rn0uoDSA7V49vMS_mXqZvahdTE7W2DfOE6l0wuFS3WsjC4qWu21JFX_VjBmV2LvuqJ3HFleCgkuByr4g6xKUamHmOXEY99HQ5HrTcDVhVsiO0ILCwmSIDrQmSq&amp;__tn__=-]K-R\">Jere Kukkurainen<\/a>&nbsp;iso nippu kiekkoja<\/li><li><a href=\"https:\/\/www.facebook.com\/ari.penttala?__cft__[0]=AZURRY1iEx3u10BOoblyvFEDmWATF3rn0uoDSA7V49vMS_mXqZvahdTE7W2DfOE6l0wuFS3WsjC4qWu21JFX_VjBmV2LvuqJ3HFleCgkuByr4g6xKUamHmOXEY99HQ5HrTcDVhVsiO0ILCwmSIDrQmSq&amp;__tn__=-]K-R\">Ari Penttala<\/a>&nbsp;oheistarvikkeita<\/li><li><a href=\"https:\/\/www.facebook.com\/janne.hirsimaki.9?__cft__[0]=AZURRY1iEx3u10BOoblyvFEDmWATF3rn0uoDSA7V49vMS_mXqZvahdTE7W2DfOE6l0wuFS3WsjC4qWu21JFX_VjBmV2LvuqJ3HFleCgkuByr4g6xKUamHmOXEY99HQ5HrTcDVhVsiO0ILCwmSIDrQmSq&amp;__tn__=-]K-R\">Janne Hirsim\u00e4ki<\/a>&nbsp;3 lahjakorttia (Voitettu Nummelanharjun 2020 viikkokisoista)<\/li><\/ul>\n\n\n\n<p>Viimeiseen kisaan tuli viel\u00e4 bonus kisa eli Powergrip challenge\u00a0<a href=\"https:\/\/www.facebook.com\/hashtag\/beathirsi?__eep__=6&amp;__cft__[0]=AZURRY1iEx3u10BOoblyvFEDmWATF3rn0uoDSA7V49vMS_mXqZvahdTE7W2DfOE6l0wuFS3WsjC4qWu21JFX_VjBmV2LvuqJ3HFleCgkuByr4g6xKUamHmOXEY99HQ5HrTcDVhVsiO0ILCwmSIDrQmSq&amp;__tn__=*NK-R\">#beathirsi<\/a>\u00a0<\/p>\n\n\n\n<p>Kiitos Powergrip ja\u00a0<a href=\"https:\/\/www.facebook.com\/janne.hirsimaki.9?__cft__[0]=AZURRY1iEx3u10BOoblyvFEDmWATF3rn0uoDSA7V49vMS_mXqZvahdTE7W2DfOE6l0wuFS3WsjC4qWu21JFX_VjBmV2LvuqJ3HFleCgkuByr4g6xKUamHmOXEY99HQ5HrTcDVhVsiO0ILCwmSIDrQmSq&amp;__tn__=-]K-R\">Janne Hirsim\u00e4ki<\/a>!<a rel=\"noreferrer noopener\" href=\"https:\/\/l.facebook.com\/l.php?u=https%3A%2F%2Fdiscgolfmetrix.com%2F%3Fu%3Dscorecard%26view%3Dnews%26ID%3D1291590%26news_id%3D3719%26fbclid%3DIwAR02I7iPnXcegMlVlu_-QbhtuHvFyMyUkpmMA656gcXbrzqaVYNKMdRB7Tc&amp;h=AT1r-J3IQIWa22BtTrqS5Yq6gk-P3zemPRyJP0qj5Cmex9c6_c0qE2i4lt11J0N1p9XQ9PIlP1qTZP_paORGbVpYpx90n8iMnMzUGBSm3o3uaefVUBSV64rMmV1HUJOWg66QuG0&amp;__tn__=-UK-R&amp;c[0]=AT1F22fFbUUTU8_FimtdBRoib4Sk81khTVN0doouPtU1yhwF9ulal3oxWXtcjWnGeZbTgMluue_2ue_pvqOv2bmZx-0VQY09_oEDQy0q8T8uFubfzsVVr7suHls1jnp7TAOaXvt6kvrVJc4xHqHGTOmDrFgX7X8\" target=\"_blank\">https:\/\/discgolfmetrix.com\/?u=scorecard&amp;view=news&amp;ID=1291590&amp;news_id=3719<\/a><br><\/p>\n\n\n\n<p><strong>Nummelanharjun viikkokisat 2020:\u00a0<\/strong><a rel=\"noreferrer noopener\" href=\"https:\/\/l.facebook.com\/l.php?u=https%3A%2F%2Fdiscgolfmetrix.com%2F1291590%3Ffbclid%3DIwAR2f2jOLvrwBh7QbzaZ0HILGa3xqW_1cwYDaLUgiR70pIKBj8lHGpWkDEMM&amp;h=AT0fi7CsCGyxI1sOIve93es4QDUd5sY2VKQRA7MSV84PeDK2R6pPiZ12HSq4Taep7dPIH4MM5VZ4xeyg3XbbxUlSMwNSNy2JbULF2mfxSjOhe5aNcDy0Yt4tP_NHcapWPzOih3k&amp;__tn__=-UK-R&amp;c[0]=AT1F22fFbUUTU8_FimtdBRoib4Sk81khTVN0doouPtU1yhwF9ulal3oxWXtcjWnGeZbTgMluue_2ue_pvqOv2bmZx-0VQY09_oEDQy0q8T8uFubfzsVVr7suHls1jnp7TAOaXvt6kvrVJc4xHqHGTOmDrFgX7X8\" target=\"_blank\">https:\/\/discgolfmetrix.com\/1291590<\/a><br><\/p>\n\n\n\n<p><strong>Kiitos tosiaan kaikille!<\/strong><br>2021 viikkokisoja odotellessa, mukavia heittoja ja syksy\u00e4 kaikille!<br><\/p>\n\n\n\n<p>Terveisin,<br>Tuomo Rikman<br>NFS Hallitus \/ Viikkokisojen TD<a href=\"https:\/\/www.facebook.com\/photo\/?fbid=10158058771304117&amp;set=gm.10158977862801617&amp;__cft__[0]=AZURRY1iEx3u10BOoblyvFEDmWATF3rn0uoDSA7V49vMS_mXqZvahdTE7W2DfOE6l0wuFS3WsjC4qWu21JFX_VjBmV2LvuqJ3HFleCgkuByr4g6xKUamHmOXEY99HQ5HrTcDVhVsiO0ILCwmSIDrQmSq&amp;__tn__=EH-R\"><\/a><\/p>\n","protected":false},"excerpt":{"rendered":"<p>Nummelanharjun viikkokisat 2020 Heti alkuun\u00a0iso kiitos\u00a0kaikille ketk\u00e4 osallistui Nummelanharjun viikkokisoihin! T\u00e4m\u00e4 kausi on ollut kaikin puolin haastava koronan takia.Ei pelk\u00e4st\u00e4\u00e4n viikkokisojen, mutta my\u00f6s muidenkin kilpailujen, tapahtumien ja arjen kannalta. P\u00e4\u00e4simme aloittamaan Nummelanharjun viikkokisat 9.6.2020 ja 12 kisaa saatiin vedetty\u00e4 hyviss\u00e4 olosuhteissa. Kiitos\u00a0Marko Lumppio\u00a0kun olit my\u00f6s TD hommissa mukana. Iso apu!Keskim\u00e4\u00e4rin meill\u00e4 oli 53 pelaajaa per &hellip; <a href=\"https:\/\/www.nummelanfrisbeeseura.com\/kotisivut\/viikkokisat\/\" class=\"more-link\">Jatka lukemista <span class=\"screen-reader-text\">Viikkokisat 2020<\/span> <span class=\"meta-nav\">&rarr;<\/span><\/a><\/p>\n","protected":false},"author":1,"featured_media":99,"parent":0,"menu_order":0,"comment_status":"closed","ping_status":"closed","template":"","meta":{"_bbp_topic_count":0,"_bbp_reply_count":0,"_bbp_total_topic_count":0,"_bbp_total_reply_count":0,"_bbp_voice_count":0,"_bbp_anonymous_reply_count":0,"_bbp_topic_count_hidden":0,"_bbp_reply_count_hidden":0,"_bbp_forum_subforum_count":0,"jetpack_post_was_ever_published":false,"footnotes":""},"class_list":["post-98","page","type-page","status-publish","has-post-thumbnail","hentry"],"jetpack_sharing_enabled":true,"jetpack_shortlink":"https:\/\/wp.me\/P8w7cz-1A","jetpack-related-posts":[],"_links":{"self":[{"href":"https:\/\/www.nummelanfrisbeeseura.com\/kotisivut\/wp-json\/wp\/v2\/pages\/98","targetHints":{"allow":["GET"]}}],"collection":[{"href":"https:\/\/www.nummelanfrisbeeseura.com\/kotisivut\/wp-json\/wp\/v2\/pages"}],"about":[{"href":"https:\/\/www.nummelanfrisbeeseura.com\/kotisivut\/wp-json\/wp\/v2\/types\/page"}],"author":[{"embeddable":true,"href":"https:\/\/www.nummelanfrisbeeseura.com\/kotisivut\/wp-json\/wp\/v2\/users\/1"}],"replies":[{"embeddable":true,"href":"https:\/\/www.nummelanfrisbeeseura.com\/kotisivut\/wp-json\/wp\/v2\/comments?post=98"}],"version-history":[{"count":17,"href":"https:\/\/www.nummelanfrisbeeseura.com\/kotisivut\/wp-json\/wp\/v2\/pages\/98\/revisions"}],"predecessor-version":[{"id":977,"href":"https:\/\/www.nummelanfrisbeeseura.com\/kotisivut\/wp-json\/wp\/v2\/pages\/98\/revisions\/977"}],"wp:featuredmedia":[{"embeddable":true,"href":"https:\/\/www.nummelanfrisbeeseura.com\/kotisivut\/wp-json\/wp\/v2\/media\/99"}],"wp:attachment":[{"href":"https:\/\/www.nummelanfrisbeeseura.com\/kotisivut\/wp-json\/wp\/v2\/media?parent=98"}],"curies":[{"name":"wp","href":"https:\/\/api.w.org\/{rel}","templated":true}]}}